{"id":5920,"date":"2025-04-06T01:26:31","date_gmt":"2025-04-06T01:26:31","guid":{"rendered":"https:\/\/shop.webio.vn\/10\/?post_type=product&#038;p=5920"},"modified":"2025-04-06T01:26:52","modified_gmt":"2025-04-06T01:26:52","slug":"may-ep-trai-cay-eco","status":"publish","type":"product","link":"https:\/\/shop.webio.vn\/10\/san-pham\/may-ep-trai-cay-eco\/","title":{"rendered":"M\u00e1y \u00e9p tr\u00e1i c\u00e2y ECO"},"content":{"rendered":"","protected":false},"excerpt":{"rendered":"","protected":false},"featured_media":5955,"comment_status":"closed","ping_status":"closed","template":"","meta":[],"product_brand":[],"product_cat":[58],"product_tag":[],"class_list":{"0":"post-5920","1":"product","2":"type-product","3":"status-publish","4":"has-post-thumbnail","6":"product_cat-do-gia-dung-khac","8":"first","9":"instock","10":"shipping-taxable","11":"purchasable","12":"product-type-simple"},"_links":{"self":[{"href":"https:\/\/shop.webio.vn\/10\/wp-json\/wp\/v2\/product\/5920","targetHints":{"allow":["GET"]}}],"collection":[{"href":"https:\/\/shop.webio.vn\/10\/wp-json\/wp\/v2\/product"}],"about":[{"href":"https:\/\/shop.webio.vn\/10\/wp-json\/wp\/v2\/types\/product"}],"replies":[{"embeddable":true,"href":"https:\/\/shop.webio.vn\/10\/wp-json\/wp\/v2\/comments?post=5920"}],"wp:featuredmedia":[{"embeddable":true,"href":"https:\/\/shop.webio.vn\/10\/wp-json\/wp\/v2\/media\/5955"}],"wp:attachment":[{"href":"https:\/\/shop.webio.vn\/10\/wp-json\/wp\/v2\/media?parent=5920"}],"wp:term":[{"taxonomy":"product_brand","embeddable":true,"href":"https:\/\/shop.webio.vn\/10\/wp-json\/wp\/v2\/product_brand?post=5920"},{"taxonomy":"product_cat","embeddable":true,"href":"https:\/\/shop.webio.vn\/10\/wp-json\/wp\/v2\/product_cat?post=5920"},{"taxonomy":"product_tag","embeddable":true,"href":"https:\/\/shop.webio.vn\/10\/wp-json\/wp\/v2\/product_tag?post=5920"}],"curies":[{"name":"wp","href":"https:\/\/api.w.org\/{rel}","templated":true}]}}