{"id":5929,"date":"2025-04-06T01:26:32","date_gmt":"2025-04-06T01:26:32","guid":{"rendered":"https:\/\/shop.webio.vn\/10\/?post_type=product&#038;p=5929"},"modified":"2025-04-06T01:27:05","modified_gmt":"2025-04-06T01:27:05","slug":"thung-da-ecolife","status":"publish","type":"product","link":"https:\/\/shop.webio.vn\/10\/san-pham\/thung-da-ecolife\/","title":{"rendered":"Th\u00f9ng \u0111\u00e1 Ecolife"},"content":{"rendered":"","protected":false},"excerpt":{"rendered":"<ul>\n<li>B\u1ea3o h\u00e0nh 1 n\u0103m<\/li>\n<li>An to\u00e0n Chu\u1ea9n Ch\u00e2u \u00c2u<\/li>\n<li>Khung th\u00e9p cao c\u1ea5p<\/li>\n<li>Ki\u1ec3u d\u00e1ng hi\u1ec7n \u0111\u1ea1i<\/li>\n<\/ul>\n","protected":false},"featured_media":5978,"comment_status":"closed","ping_status":"closed","template":"","meta":[],"product_brand":[],"product_cat":[58,60,74,61],"product_tag":[],"class_list":{"0":"post-5929","1":"product","2":"type-product","3":"status-publish","4":"has-post-thumbnail","6":"product_cat-do-gia-dung-khac","7":"product_cat-hop-dung-thuc-pham","8":"product_cat-thung-giu-lanh","9":"product_cat-tu-nhua","11":"first","12":"instock","13":"shipping-taxable","14":"purchasable","15":"product-type-simple"},"_links":{"self":[{"href":"https:\/\/shop.webio.vn\/10\/wp-json\/wp\/v2\/product\/5929","targetHints":{"allow":["GET"]}}],"collection":[{"href":"https:\/\/shop.webio.vn\/10\/wp-json\/wp\/v2\/product"}],"about":[{"href":"https:\/\/shop.webio.vn\/10\/wp-json\/wp\/v2\/types\/product"}],"replies":[{"embeddable":true,"href":"https:\/\/shop.webio.vn\/10\/wp-json\/wp\/v2\/comments?post=5929"}],"wp:featuredmedia":[{"embeddable":true,"href":"https:\/\/shop.webio.vn\/10\/wp-json\/wp\/v2\/media\/5978"}],"wp:attachment":[{"href":"https:\/\/shop.webio.vn\/10\/wp-json\/wp\/v2\/media?parent=5929"}],"wp:term":[{"taxonomy":"product_brand","embeddable":true,"href":"https:\/\/shop.webio.vn\/10\/wp-json\/wp\/v2\/product_brand?post=5929"},{"taxonomy":"product_cat","embeddable":true,"href":"https:\/\/shop.webio.vn\/10\/wp-json\/wp\/v2\/product_cat?post=5929"},{"taxonomy":"product_tag","embeddable":true,"href":"https:\/\/shop.webio.vn\/10\/wp-json\/wp\/v2\/product_tag?post=5929"}],"curies":[{"name":"wp","href":"https:\/\/api.w.org\/{rel}","templated":true}]}}