{"id":1991,"date":"2023-12-19T11:46:30","date_gmt":"2023-12-19T11:46:30","guid":{"rendered":"https:\/\/shop.webio.vn\/2\/san-pham\/ngoc-ngan-2\/"},"modified":"2024-01-19T15:57:25","modified_gmt":"2024-01-19T15:57:25","slug":"ngoc-ngan-2","status":"publish","type":"product","link":"https:\/\/shop.webio.vn\/2\/san-pham\/ngoc-ngan-2\/","title":{"rendered":"C\u00e2y Ng\u1ecdc Ng\u00e2n"},"content":{"rendered":"<p dir=\"\\&quot;ltr\\&quot;\">C\u00e2y ng\u1ecdc ng\u00e2n hay c\u00f2n g\u1ecdi l\u00e0 c\u00e2y Valentine. C\u00e2y mang \u00fd ngh\u0129a c\u1ee7a s\u1ef1 ng\u1ecdt ng\u00e0o, t\u00ecnh y\u00eau, s\u1ef1 nh\u1eb9 nh\u00e0ng, \u0111\u1eb1m th\u1eafm trong cu\u1ed9c s\u1ed1ng.<\/p>\n<p dir=\"\\&quot;ltr\\&quot;\">S\u1ef1 k\u1ebft h\u1ee3p h\u00e0i h\u00f2a gi\u1eefa hai m\u00e0u tr\u1eafng v\u00e0 xanh \u0111\u00e3 mang \u0111\u1ebfn cho Ng\u1ecdc Ng\u00e2n m\u1ed9t v\u1ebb \u0111\u1eb9p sang tr\u1ecdng \u0111\u1eb7c tr\u01b0ng. C\u00e2y ch\u1ecbu b\u00f3ng b\u00e1n ph\u1ea7n ho\u1eb7c to\u00e0n ph\u1ea7n, th\u00edch nghi t\u1ed1t v\u1edbi m\u00f4i tr\u01b0\u1eddng l\u1ea1nh trong v\u0103n ph\u00f2ng.<\/p>\n","protected":false},"excerpt":{"rendered":"<ul>\n<li>\u0110\u1ed5i tr\u1ea3 n\u1ebfu kh\u00f4ng h\u00e0i l\u00f2ng<\/li>\n<li>D\u1ecbch v\u1ee5 h\u1eadu m\u00e3i chu \u0111\u00e1o<\/li>\n<li>Hotline: 0909 000 000<\/li>\n<\/ul>\n","protected":false},"featured_media":1994,"comment_status":"open","ping_status":"closed","template":"","meta":{"site-sidebar-layout":"default","site-content-layout":"default","ast-site-content-layout":"default","site-content-style":"default","site-sidebar-style":"default","ast-global-header-display":"","ast-banner-title-visibility":"","ast-main-header-display":"","ast-hfb-above-header-display":"","ast-hfb-below-header-display":"","ast-hfb-mobile-header-display":"","site-post-title":"","ast-breadcrumbs-content":"","ast-featured-img":"","footer-sml-layout":"","ast-disable-related-posts":"","theme-transparent-header-meta":"default","adv-header-id-meta":"","stick-header-meta":"","header-above-stick-meta":"","header-main-stick-meta":"","header-below-stick-meta":"","astra-migrate-meta-layouts":"set","ast-page-background-enabled":"default","ast-page-background-meta":{"desktop":{"background-color":"","background-image":"","background-repeat":"repeat","background-position":"center center","background-size":"auto","background-attachment":"scroll","background-type":"","background-media":"","overlay-type":"","overlay-color":"","overlay-opacity":"","overlay-gradient":""},"tablet":{"background-color":"","background-image":"","background-repeat":"repeat","background-position":"center center","background-size":"auto","background-attachment":"scroll","background-type":"","background-media":"","overlay-type":"","overlay-color":"","overlay-opacity":"","overlay-gradient":""},"mobile":{"background-color":"","background-image":"","background-repeat":"repeat","background-position":"center center","background-size":"auto","background-attachment":"scroll","background-type":"","background-media":"","overlay-type":"","overlay-color":"","overlay-opacity":"","overlay-gradient":""}},"ast-content-background-meta":{"desktop":{"background-color":"var(--ast-global-color-5)","background-image":"","background-repeat":"repeat","background-position":"center center","background-size":"auto","background-attachment":"scroll","background-type":"","background-media":"","overlay-type":"","overlay-color":"","overlay-opacity":"","overlay-gradient":""},"tablet":{"background-color":"var(--ast-global-color-5)","background-image":"","background-repeat":"repeat","background-position":"center center","background-size":"auto","background-attachment":"scroll","background-type":"","background-media":"","overlay-type":"","overlay-color":"","overlay-opacity":"","overlay-gradient":""},"mobile":{"background-color":"var(--ast-global-color-5)","background-image":"","background-repeat":"repeat","background-position":"center center","background-size":"auto","background-attachment":"scroll","background-type":"","background-media":"","overlay-type":"","overlay-color":"","overlay-opacity":"","overlay-gradient":""}}},"product_brand":[],"product_cat":[27,28],"product_tag":[],"class_list":{"0":"post-1991","1":"product","2":"type-product","3":"status-publish","4":"has-post-thumbnail","6":"product_cat-cay-phong-thuy","7":"product_cat-cay-trang-tri","8":"desktop-align-left","9":"tablet-align-left","10":"mobile-align-left","12":"first","13":"instock","14":"sale","15":"featured","16":"shipping-taxable","17":"purchasable","18":"product-type-simple"},"_links":{"self":[{"href":"https:\/\/shop.webio.vn\/2\/wp-json\/wp\/v2\/product\/1991","targetHints":{"allow":["GET"]}}],"collection":[{"href":"https:\/\/shop.webio.vn\/2\/wp-json\/wp\/v2\/product"}],"about":[{"href":"https:\/\/shop.webio.vn\/2\/wp-json\/wp\/v2\/types\/product"}],"replies":[{"embeddable":true,"href":"https:\/\/shop.webio.vn\/2\/wp-json\/wp\/v2\/comments?post=1991"}],"wp:featuredmedia":[{"embeddable":true,"href":"https:\/\/shop.webio.vn\/2\/wp-json\/wp\/v2\/media\/1994"}],"wp:attachment":[{"href":"https:\/\/shop.webio.vn\/2\/wp-json\/wp\/v2\/media?parent=1991"}],"wp:term":[{"taxonomy":"product_brand","embeddable":true,"href":"https:\/\/shop.webio.vn\/2\/wp-json\/wp\/v2\/product_brand?post=1991"},{"taxonomy":"product_cat","embeddable":true,"href":"https:\/\/shop.webio.vn\/2\/wp-json\/wp\/v2\/product_cat?post=1991"},{"taxonomy":"product_tag","embeddable":true,"href":"https:\/\/shop.webio.vn\/2\/wp-json\/wp\/v2\/product_tag?post=1991"}],"curies":[{"name":"wp","href":"https:\/\/api.w.org\/{rel}","templated":true}]}}