{"id":2003,"date":"2023-12-19T11:46:37","date_gmt":"2023-12-19T11:46:37","guid":{"rendered":"https:\/\/shop.webio.vn\/2\/san-pham\/cau-nhat-2\/"},"modified":"2024-07-14T03:53:23","modified_gmt":"2024-07-14T03:53:23","slug":"cau-nhat-2","status":"publish","type":"product","link":"https:\/\/shop.webio.vn\/2\/san-pham\/cau-nhat-2\/","title":{"rendered":"Cau Nh\u1eadt"},"content":{"rendered":"<p dir=\"\\&quot;ltr\\&quot;\">C\u00e2y cau nh\u1eadt c\u00f3 t\u00ednh kh\u1ecfe, ch\u1ecbu \u0111\u01b0\u1ee3c \u0111\u1ea5t x\u1ea5u, \u0111\u01b0\u1ee3c tr\u1ed3ng l\u00e0m c\u1ea3nh r\u1ea5t ph\u1ed5 bi\u1ebfn \u1edf c\u00e1c n\u01b0\u1edbc nhi\u1ec7t \u0111\u1edbi, v\u00ec c\u00e2y c\u00f3 d\u00e1ng \u0111\u1eb9p v\u00e0 l\u00e1 c\u00f3 m\u00e0u v\u00e0ng nh\u1ea1t d\u00f9ng l\u00e0m c\u00e2y c\u1ea3nh trang tr\u00ed n\u1ed9i th\u1ea5t.<\/p>\n<p dir=\"\\&quot;ltr\\&quot;\">C\u00e2y cau Nh\u1eadt c\u00f3 t\u00e1c d\u1ee5ng h\u00fat kh\u00ed \u0111\u1ed9c l\u00e0m s\u1ea1ch kh\u00f4ng kh\u00ed trong nh\u00e0 v\u00e0 m\u00f4i tr\u01b0\u1eddng xung quanh. Ch\u00fang h\u1ea5p thu ch\u1ea5t \u00f4 nhi\u1ec5m v\u00e0o l\u00e1 v\u00e0 chuy\u1ec3n c\u00e1c \u0111\u1ed9c t\u1ed1 xu\u1ed1ng r\u1ec5. R\u1ec5 s\u1ebd bi\u1ebfn c\u00e1c \u0111\u1ed9c t\u1ed1 th\u00e0nh ngu\u1ed3n th\u1ee9c \u0103n cho c\u00e2y.<\/p>\n","protected":false},"excerpt":{"rendered":"<ul>\n<li>\u0110\u1ed5i tr\u1ea3 n\u1ebfu kh\u00f4ng h\u00e0i l\u00f2ng<\/li>\n<li>D\u1ecbch v\u1ee5 h\u1eadu m\u00e3i chu \u0111\u00e1o<\/li>\n<li>Hotline: 0909 000 000<\/li>\n<\/ul>\n","protected":false},"featured_media":2000,"comment_status":"open","ping_status":"closed","template":"","meta":{"site-sidebar-layout":"default","site-content-layout":"default","ast-site-content-layout":"default","site-content-style":"default","site-sidebar-style":"default","ast-global-header-display":"","ast-banner-title-visibility":"","ast-main-header-display":"","ast-hfb-above-header-display":"","ast-hfb-below-header-display":"","ast-hfb-mobile-header-display":"","site-post-title":"","ast-breadcrumbs-content":"","ast-featured-img":"","footer-sml-layout":"","ast-disable-related-posts":"","theme-transparent-header-meta":"default","adv-header-id-meta":"","stick-header-meta":"default","header-above-stick-meta":"","header-main-stick-meta":"","header-below-stick-meta":"","astra-migrate-meta-layouts":"set","ast-page-background-enabled":"default","ast-page-background-meta":{"desktop":{"background-color":"","background-image":"","background-repeat":"repeat","background-position":"center center","background-size":"auto","background-attachment":"scroll","background-type":"","background-media":"","overlay-type":"","overlay-color":"","overlay-opacity":"","overlay-gradient":""},"tablet":{"background-color":"","background-image":"","background-repeat":"repeat","background-position":"center center","background-size":"auto","background-attachment":"scroll","background-type":"","background-media":"","overlay-type":"","overlay-color":"","overlay-opacity":"","overlay-gradient":""},"mobile":{"background-color":"","background-image":"","background-repeat":"repeat","background-position":"center center","background-size":"auto","background-attachment":"scroll","background-type":"","background-media":"","overlay-type":"","overlay-color":"","overlay-opacity":"","overlay-gradient":""}},"ast-content-background-meta":{"desktop":{"background-color":"var(--ast-global-color-5)","background-image":"","background-repeat":"repeat","background-position":"center center","background-size":"auto","background-attachment":"scroll","background-type":"","background-media":"","overlay-type":"","overlay-color":"","overlay-opacity":"","overlay-gradient":""},"tablet":{"background-color":"var(--ast-global-color-5)","background-image":"","background-repeat":"repeat","background-position":"center center","background-size":"auto","background-attachment":"scroll","background-type":"","background-media":"","overlay-type":"","overlay-color":"","overlay-opacity":"","overlay-gradient":""},"mobile":{"background-color":"var(--ast-global-color-5)","background-image":"","background-repeat":"repeat","background-position":"center center","background-size":"auto","background-attachment":"scroll","background-type":"","background-media":"","overlay-type":"","overlay-color":"","overlay-opacity":"","overlay-gradient":""}}},"product_brand":[],"product_cat":[26,27,28],"product_tag":[],"class_list":{"0":"post-2003","1":"product","2":"type-product","3":"status-publish","4":"has-post-thumbnail","6":"product_cat-cay-cong-trinh","7":"product_cat-cay-phong-thuy","8":"product_cat-cay-trang-tri","9":"desktop-align-left","10":"tablet-align-left","11":"mobile-align-left","13":"first","14":"instock","15":"sale","16":"featured","17":"shipping-taxable","18":"purchasable","19":"product-type-simple"},"_links":{"self":[{"href":"https:\/\/shop.webio.vn\/2\/wp-json\/wp\/v2\/product\/2003","targetHints":{"allow":["GET"]}}],"collection":[{"href":"https:\/\/shop.webio.vn\/2\/wp-json\/wp\/v2\/product"}],"about":[{"href":"https:\/\/shop.webio.vn\/2\/wp-json\/wp\/v2\/types\/product"}],"replies":[{"embeddable":true,"href":"https:\/\/shop.webio.vn\/2\/wp-json\/wp\/v2\/comments?post=2003"}],"wp:featuredmedia":[{"embeddable":true,"href":"https:\/\/shop.webio.vn\/2\/wp-json\/wp\/v2\/media\/2000"}],"wp:attachment":[{"href":"https:\/\/shop.webio.vn\/2\/wp-json\/wp\/v2\/media?parent=2003"}],"wp:term":[{"taxonomy":"product_brand","embeddable":true,"href":"https:\/\/shop.webio.vn\/2\/wp-json\/wp\/v2\/product_brand?post=2003"},{"taxonomy":"product_cat","embeddable":true,"href":"https:\/\/shop.webio.vn\/2\/wp-json\/wp\/v2\/product_cat?post=2003"},{"taxonomy":"product_tag","embeddable":true,"href":"https:\/\/shop.webio.vn\/2\/wp-json\/wp\/v2\/product_tag?post=2003"}],"curies":[{"name":"wp","href":"https:\/\/api.w.org\/{rel}","templated":true}]}}