{"id":2006,"date":"2023-12-19T11:46:38","date_gmt":"2023-12-19T11:46:38","guid":{"rendered":"https:\/\/shop.webio.vn\/2\/san-pham\/cau-do-2\/"},"modified":"2024-07-14T03:00:32","modified_gmt":"2024-07-14T03:00:32","slug":"cau-do-2","status":"publish","type":"product","link":"https:\/\/shop.webio.vn\/2\/san-pham\/cau-do-2\/","title":{"rendered":"C\u00e2y Cau \u0110\u1ecf"},"content":{"rendered":"<p dir=\"\\&quot;ltr\\&quot;\">C\u00e2y Cau \u0110\u1ecf c\u00f3 d\u00e1ng th\u1eb3ng, b\u1eb9 l\u00e1 m\u00e0u \u0111\u1ecf \u0111\u1eb9p m\u1eaft th\u01b0\u1eddng \u0111\u01b0\u1ee3c tr\u1ed3ng c\u00f4ng vi\u00ean, l\u1ed1i \u0111i, s\u00e2n v\u01b0\u1eddn, tr\u1ed3ng d\u1ecdc c\u00e1c con \u0111\u01b0\u1eddng d\u1ea1o, tr\u1ed3ng ti\u1ec3u c\u1ea3nh trong c\u00e1c khu bi\u1ec7t th\u1ef1\u2026\u0111\u1ec3 l\u1ea5y b\u00f3ng m\u00e1t, t\u1ea1o c\u1ea3nh quan.<\/p>\n<p dir=\"\\&quot;ltr\\&quot;\">Ngo\u00e0i ra, Cau \u0110\u1ecf l\u00e0 m\u1ed9t trong s\u1ed1 nh\u1eefng lo\u1ea1i c\u00e2y n\u1ed9i th\u1ea5t \u2013 c\u00e2y v\u0103n ph\u00f2ng \u0111\u1eb9p \u0111\u01b0\u1ee3c nhi\u1ec1u ng\u01b0\u1eddi \u01b0a chu\u1ed9ng, th\u00edch h\u1ee3p trang tr\u00ed nh\u00e0 c\u1eeda.<\/p>\n<p dir=\"\\&quot;ltr\\&quot;\">Th\u01b0\u1eddng th\u00ec cau \u0111\u1ecf \u0111\u01b0\u1ee3c \u0111\u1eb7t \u1edf m\u1eb7t ti\u1ec1n ng\u00f4i nh\u00e0, h\u00e0nh lang \u0111\u1ec3 ch\u00fang h\u1ea5p th\u1ee5 \u00e1nh s\u00e1ng t\u1ef1 nhi\u00ean, m\u1ed9t g\u1ed1c t\u01b0\u1eddng trong c\u0103n ph\u00f2ng hay trang tr\u00ed ti\u1ec3u c\u1ea3nh kh\u00f4..v.v , t\u1ea1o \u0111i\u1ec3m nh\u1ea5n m\u1ea1nh trong c\u0103n nh\u00e0 c\u1ee7a b\u1ea1n.<\/p>\n","protected":false},"excerpt":{"rendered":"<ul>\n<li>\u0110\u1ed5i tr\u1ea3 n\u1ebfu kh\u00f4ng h\u00e0i l\u00f2ng<\/li>\n<li>D\u1ecbch v\u1ee5 h\u1eadu m\u00e3i chu \u0111\u00e1o<\/li>\n<li>Hotline: 0909 000 000<\/li>\n<\/ul>\n","protected":false},"featured_media":2011,"comment_status":"open","ping_status":"closed","template":"","meta":{"site-sidebar-layout":"default","site-content-layout":"default","ast-site-content-layout":"default","site-content-style":"default","site-sidebar-style":"default","ast-global-header-display":"","ast-banner-title-visibility":"","ast-main-header-display":"","ast-hfb-above-header-display":"","ast-hfb-below-header-display":"","ast-hfb-mobile-header-display":"","site-post-title":"","ast-breadcrumbs-content":"","ast-featured-img":"","footer-sml-layout":"","ast-disable-related-posts":"","theme-transparent-header-meta":"default","adv-header-id-meta":"","stick-header-meta":"default","header-above-stick-meta":"","header-main-stick-meta":"","header-below-stick-meta":"","astra-migrate-meta-layouts":"set","ast-page-background-enabled":"default","ast-page-background-meta":{"desktop":{"background-color":"","background-image":"","background-repeat":"repeat","background-position":"center center","background-size":"auto","background-attachment":"scroll","background-type":"","background-media":"","overlay-type":"","overlay-color":"","overlay-opacity":"","overlay-gradient":""},"tablet":{"background-color":"","background-image":"","background-repeat":"repeat","background-position":"center center","background-size":"auto","background-attachment":"scroll","background-type":"","background-media":"","overlay-type":"","overlay-color":"","overlay-opacity":"","overlay-gradient":""},"mobile":{"background-color":"","background-image":"","background-repeat":"repeat","background-position":"center center","background-size":"auto","background-attachment":"scroll","background-type":"","background-media":"","overlay-type":"","overlay-color":"","overlay-opacity":"","overlay-gradient":""}},"ast-content-background-meta":{"desktop":{"background-color":"var(--ast-global-color-5)","background-image":"","background-repeat":"repeat","background-position":"center center","background-size":"auto","background-attachment":"scroll","background-type":"","background-media":"","overlay-type":"","overlay-color":"","overlay-opacity":"","overlay-gradient":""},"tablet":{"background-color":"var(--ast-global-color-5)","background-image":"","background-repeat":"repeat","background-position":"center center","background-size":"auto","background-attachment":"scroll","background-type":"","background-media":"","overlay-type":"","overlay-color":"","overlay-opacity":"","overlay-gradient":""},"mobile":{"background-color":"var(--ast-global-color-5)","background-image":"","background-repeat":"repeat","background-position":"center center","background-size":"auto","background-attachment":"scroll","background-type":"","background-media":"","overlay-type":"","overlay-color":"","overlay-opacity":"","overlay-gradient":""}}},"product_brand":[],"product_cat":[26,27,24],"product_tag":[],"class_list":{"0":"post-2006","1":"product","2":"type-product","3":"status-publish","4":"has-post-thumbnail","6":"product_cat-cay-cong-trinh","7":"product_cat-cay-phong-thuy","8":"product_cat-hoa","9":"desktop-align-left","10":"tablet-align-left","11":"mobile-align-left","13":"first","14":"instock","15":"featured","16":"shipping-taxable","17":"purchasable","18":"product-type-simple"},"_links":{"self":[{"href":"https:\/\/shop.webio.vn\/2\/wp-json\/wp\/v2\/product\/2006","targetHints":{"allow":["GET"]}}],"collection":[{"href":"https:\/\/shop.webio.vn\/2\/wp-json\/wp\/v2\/product"}],"about":[{"href":"https:\/\/shop.webio.vn\/2\/wp-json\/wp\/v2\/types\/product"}],"replies":[{"embeddable":true,"href":"https:\/\/shop.webio.vn\/2\/wp-json\/wp\/v2\/comments?post=2006"}],"wp:featuredmedia":[{"embeddable":true,"href":"https:\/\/shop.webio.vn\/2\/wp-json\/wp\/v2\/media\/2011"}],"wp:attachment":[{"href":"https:\/\/shop.webio.vn\/2\/wp-json\/wp\/v2\/media?parent=2006"}],"wp:term":[{"taxonomy":"product_brand","embeddable":true,"href":"https:\/\/shop.webio.vn\/2\/wp-json\/wp\/v2\/product_brand?post=2006"},{"taxonomy":"product_cat","embeddable":true,"href":"https:\/\/shop.webio.vn\/2\/wp-json\/wp\/v2\/product_cat?post=2006"},{"taxonomy":"product_tag","embeddable":true,"href":"https:\/\/shop.webio.vn\/2\/wp-json\/wp\/v2\/product_tag?post=2006"}],"curies":[{"name":"wp","href":"https:\/\/api.w.org\/{rel}","templated":true}]}}