{"id":81,"date":"2019-01-23T12:21:23","date_gmt":"2019-01-23T12:21:23","guid":{"rendered":"https:\/\/shop.webio.vn\/2\/san-pham\/truc-may\/"},"modified":"2024-01-19T15:57:56","modified_gmt":"2024-01-19T15:57:56","slug":"truc-may","status":"publish","type":"product","link":"https:\/\/shop.webio.vn\/2\/san-pham\/truc-may\/","title":{"rendered":"C\u00e2y Tr\u00fac M\u00e2y"},"content":{"rendered":"<p>Tr\u00fac m\u00e2y thu\u1ed9c h\u1ecd tr\u00fac, tre. C\u00e2y c\u00f3 th\u00e2n h\u00ecnh c\u1ee9ng c\u00e1p, ph\u00f9 h\u1ee3p v\u1edbi \u0111i\u1ec1u ki\u1ec7n kh\u00ed h\u1eadu \u1edf Vi\u1ec7t Nam. C\u00e2y kh\u00f4ng \u0111\u00f2i h\u1ecfi nhi\u1ec1u c\u00f4ng ch\u0103m s\u00f3c c\u0169ng nh\u01b0 ch\u0103m b\u00f3n.<\/p>\n<p>C\u00e2y tr\u1ed3ng trong ch\u1eadu l\u00e0m c\u1ea3nh r\u1ea5t \u0111\u1eb9p. C\u00e2y ch\u1ecbu \u0111\u01b0\u1ee3c b\u00f3ng, nhu c\u1ea7u n\u01b0\u1edbc trung b\u00ecnh n\u00ean c\u00f3 th\u1ec3 l\u00e0m c\u00e2y trang tr\u00ed trong nh\u00e0. C\u00e2y \u0111\u01b0\u1ee3c g\u00e2y tr\u1ed3ng b\u1eb1ng c\u00e1ch t\u00e1ch c\u00e1c b\u1ee5i, hay d\u00e2m, c\u00e1c b\u1ee5i nh\u1ecf ch\u00f3ng \u0111\u1ebb nh\u00e1nh cho ch\u1ed3i d\u00e0i xanh b\u00f3ng.<\/p>\n<p>C\u00e2y tr\u00fac m\u00e2y ng\u1ee5 \u00fd tr\u1eddi \u0111\u1ea5t tr\u01b0\u1eddng xu\u00e2n, tr\u1eddi \u0111\u1ea5t d\u00e0i r\u1ed9ng. \u201cTr\u00fac\u201d g\u1ea7n \u00e2m v\u1edbi \u201cch\u00fac\u201d c\u00f3 \u00fd ch\u1ec9 ch\u00fac ph\u00fac t\u1ed1t \u0111\u1eb9p. Theo quan ni\u1ec7m phong thu\u1ef7, tr\u01b0\u1edbc v\u00e0 sau nh\u00e0 c\u00f3 tr\u00fac l\u00e0 \u0111em l\u1ea1i t\u1ed1t l\u00e0nh cho c\u1ea3 gia \u0111\u00ecnh.<\/p>\n<p>Lo\u1ea1i c\u00e2y n\u00e0y t\u01b0\u1ee3ng tr\u01b0ng cho s\u1ef1 m\u1ea3nh mai, thanh nh\u00e3, r\u1ea5t th\u00edch h\u1ee3p v\u1edbi nhi\u1ec1u kh\u00f4ng gian v\u00e0 phong c\u00e1ch thi\u1ebft k\u1ebf kh\u00e1c nhau.<\/p>\n","protected":false},"excerpt":{"rendered":"<ul>\n<li>\u0110\u1ed5i tr\u1ea3 n\u1ebfu kh\u00f4ng h\u00e0i l\u00f2ng<\/li>\n<li>D\u1ecbch v\u1ee5 h\u1eadu m\u00e3i chu \u0111\u00e1o<\/li>\n<li>Hotline: 0909 000 000<\/li>\n<\/ul>\n","protected":false},"featured_media":72,"comment_status":"open","ping_status":"closed","template":"","meta":{"site-sidebar-layout":"default","site-content-layout":"default","ast-site-content-layout":"default","site-content-style":"default","site-sidebar-style":"default","ast-global-header-display":"","ast-banner-title-visibility":"","ast-main-header-display":"","ast-hfb-above-header-display":"","ast-hfb-below-header-display":"","ast-hfb-mobile-header-display":"","site-post-title":"","ast-breadcrumbs-content":"","ast-featured-img":"","footer-sml-layout":"","ast-disable-related-posts":"","theme-transparent-header-meta":"default","adv-header-id-meta":"","stick-header-meta":"","header-above-stick-meta":"","header-main-stick-meta":"","header-below-stick-meta":"","astra-migrate-meta-layouts":"set","ast-page-background-enabled":"default","ast-page-background-meta":{"desktop":{"background-color":"","background-image":"","background-repeat":"repeat","background-position":"center center","background-size":"auto","background-attachment":"scroll","background-type":"","background-media":"","overlay-type":"","overlay-color":"","overlay-opacity":"","overlay-gradient":""},"tablet":{"background-color":"","background-image":"","background-repeat":"repeat","background-position":"center center","background-size":"auto","background-attachment":"scroll","background-type":"","background-media":"","overlay-type":"","overlay-color":"","overlay-opacity":"","overlay-gradient":""},"mobile":{"background-color":"","background-image":"","background-repeat":"repeat","background-position":"center center","background-size":"auto","background-attachment":"scroll","background-type":"","background-media":"","overlay-type":"","overlay-color":"","overlay-opacity":"","overlay-gradient":""}},"ast-content-background-meta":{"desktop":{"background-color":"var(--ast-global-color-5)","background-image":"","background-repeat":"repeat","background-position":"center center","background-size":"auto","background-attachment":"scroll","background-type":"","background-media":"","overlay-type":"","overlay-color":"","overlay-opacity":"","overlay-gradient":""},"tablet":{"background-color":"var(--ast-global-color-5)","background-image":"","background-repeat":"repeat","background-position":"center center","background-size":"auto","background-attachment":"scroll","background-type":"","background-media":"","overlay-type":"","overlay-color":"","overlay-opacity":"","overlay-gradient":""},"mobile":{"background-color":"var(--ast-global-color-5)","background-image":"","background-repeat":"repeat","background-position":"center center","background-size":"auto","background-attachment":"scroll","background-type":"","background-media":"","overlay-type":"","overlay-color":"","overlay-opacity":"","overlay-gradient":""}}},"product_brand":[],"product_cat":[26,27,28],"product_tag":[],"class_list":{"0":"post-81","1":"product","2":"type-product","3":"status-publish","4":"has-post-thumbnail","6":"product_cat-cay-cong-trinh","7":"product_cat-cay-phong-thuy","8":"product_cat-cay-trang-tri","9":"desktop-align-left","10":"tablet-align-left","11":"mobile-align-left","13":"first","14":"instock","15":"shipping-taxable","16":"purchasable","17":"product-type-simple"},"_links":{"self":[{"href":"https:\/\/shop.webio.vn\/2\/wp-json\/wp\/v2\/product\/81","targetHints":{"allow":["GET"]}}],"collection":[{"href":"https:\/\/shop.webio.vn\/2\/wp-json\/wp\/v2\/product"}],"about":[{"href":"https:\/\/shop.webio.vn\/2\/wp-json\/wp\/v2\/types\/product"}],"replies":[{"embeddable":true,"href":"https:\/\/shop.webio.vn\/2\/wp-json\/wp\/v2\/comments?post=81"}],"wp:featuredmedia":[{"embeddable":true,"href":"https:\/\/shop.webio.vn\/2\/wp-json\/wp\/v2\/media\/72"}],"wp:attachment":[{"href":"https:\/\/shop.webio.vn\/2\/wp-json\/wp\/v2\/media?parent=81"}],"wp:term":[{"taxonomy":"product_brand","embeddable":true,"href":"https:\/\/shop.webio.vn\/2\/wp-json\/wp\/v2\/product_brand?post=81"},{"taxonomy":"product_cat","embeddable":true,"href":"https:\/\/shop.webio.vn\/2\/wp-json\/wp\/v2\/product_cat?post=81"},{"taxonomy":"product_tag","embeddable":true,"href":"https:\/\/shop.webio.vn\/2\/wp-json\/wp\/v2\/product_tag?post=81"}],"curies":[{"name":"wp","href":"https:\/\/api.w.org\/{rel}","templated":true}]}}