{"id":83,"date":"2019-01-23T13:18:02","date_gmt":"2019-01-23T13:18:02","guid":{"rendered":"https:\/\/shop.webio.vn\/2\/san-pham\/cau-vang\/"},"modified":"2024-01-19T15:57:50","modified_gmt":"2024-01-19T15:57:50","slug":"cau-vang","status":"publish","type":"product","link":"https:\/\/shop.webio.vn\/2\/san-pham\/cau-vang\/","title":{"rendered":"C\u00e2y Cau V\u00e0ng"},"content":{"rendered":"<p dir=\"ltr\">Cau v\u00e0ng l\u00e0 gi\u1ed1ng c\u00e2y c\u00f3 t\u1ed1c \u0111\u1ed9 sinh tr\u01b0\u1edfng trung b\u00ecnh, gi\u1eef d\u00e1ng l\u00e2u v\u00e0 c\u00f3 s\u1ee9c s\u1ed1ng r\u1ea5t m\u1ea1nh m\u1ebd. C\u00e2y c\u00f3 th\u1ec3 s\u1ed1ng t\u1ed1t trong \u0111i\u1ec1u ki\u1ec7n thi\u1ebfu \u00e1nh s\u00e1ng ho\u1eb7c ngo\u00e0i tr\u1eddi, \u00edt s\u00e2u b\u1ec7nh v\u00e0 kh\u00f4ng c\u1ea7n qu\u00e1 nhi\u1ec1u n\u01b0\u1edbc.<\/p>\n","protected":false},"excerpt":{"rendered":"<ul>\n<li>\u0110\u1ed5i tr\u1ea3 n\u1ebfu kh\u00f4ng h\u00e0i l\u00f2ng<\/li>\n<li>D\u1ecbch v\u1ee5 h\u1eadu m\u00e3i chu \u0111\u00e1o<\/li>\n<li>Hotline: 0909 000 000<\/li>\n<\/ul>\n","protected":false},"featured_media":77,"comment_status":"open","ping_status":"closed","template":"","meta":{"site-sidebar-layout":"default","site-content-layout":"default","ast-site-content-layout":"default","site-content-style":"default","site-sidebar-style":"default","ast-global-header-display":"","ast-banner-title-visibility":"","ast-main-header-display":"","ast-hfb-above-header-display":"","ast-hfb-below-header-display":"","ast-hfb-mobile-header-display":"","site-post-title":"","ast-breadcrumbs-content":"","ast-featured-img":"","footer-sml-layout":"","ast-disable-related-posts":"","theme-transparent-header-meta":"default","adv-header-id-meta":"","stick-header-meta":"","header-above-stick-meta":"","header-main-stick-meta":"","header-below-stick-meta":"","astra-migrate-meta-layouts":"set","ast-page-background-enabled":"default","ast-page-background-meta":{"desktop":{"background-color":"","background-image":"","background-repeat":"repeat","background-position":"center center","background-size":"auto","background-attachment":"scroll","background-type":"","background-media":"","overlay-type":"","overlay-color":"","overlay-opacity":"","overlay-gradient":""},"tablet":{"background-color":"","background-image":"","background-repeat":"repeat","background-position":"center center","background-size":"auto","background-attachment":"scroll","background-type":"","background-media":"","overlay-type":"","overlay-color":"","overlay-opacity":"","overlay-gradient":""},"mobile":{"background-color":"","background-image":"","background-repeat":"repeat","background-position":"center center","background-size":"auto","background-attachment":"scroll","background-type":"","background-media":"","overlay-type":"","overlay-color":"","overlay-opacity":"","overlay-gradient":""}},"ast-content-background-meta":{"desktop":{"background-color":"var(--ast-global-color-5)","background-image":"","background-repeat":"repeat","background-position":"center center","background-size":"auto","background-attachment":"scroll","background-type":"","background-media":"","overlay-type":"","overlay-color":"","overlay-opacity":"","overlay-gradient":""},"tablet":{"background-color":"var(--ast-global-color-5)","background-image":"","background-repeat":"repeat","background-position":"center center","background-size":"auto","background-attachment":"scroll","background-type":"","background-media":"","overlay-type":"","overlay-color":"","overlay-opacity":"","overlay-gradient":""},"mobile":{"background-color":"var(--ast-global-color-5)","background-image":"","background-repeat":"repeat","background-position":"center center","background-size":"auto","background-attachment":"scroll","background-type":"","background-media":"","overlay-type":"","overlay-color":"","overlay-opacity":"","overlay-gradient":""}}},"product_brand":[],"product_cat":[26,27],"product_tag":[],"class_list":{"0":"post-83","1":"product","2":"type-product","3":"status-publish","4":"has-post-thumbnail","6":"product_cat-cay-cong-trinh","7":"product_cat-cay-phong-thuy","8":"desktop-align-left","9":"tablet-align-left","10":"mobile-align-left","12":"first","13":"instock","14":"featured","15":"shipping-taxable","16":"purchasable","17":"product-type-simple"},"_links":{"self":[{"href":"https:\/\/shop.webio.vn\/2\/wp-json\/wp\/v2\/product\/83","targetHints":{"allow":["GET"]}}],"collection":[{"href":"https:\/\/shop.webio.vn\/2\/wp-json\/wp\/v2\/product"}],"about":[{"href":"https:\/\/shop.webio.vn\/2\/wp-json\/wp\/v2\/types\/product"}],"replies":[{"embeddable":true,"href":"https:\/\/shop.webio.vn\/2\/wp-json\/wp\/v2\/comments?post=83"}],"wp:featuredmedia":[{"embeddable":true,"href":"https:\/\/shop.webio.vn\/2\/wp-json\/wp\/v2\/media\/77"}],"wp:attachment":[{"href":"https:\/\/shop.webio.vn\/2\/wp-json\/wp\/v2\/media?parent=83"}],"wp:term":[{"taxonomy":"product_brand","embeddable":true,"href":"https:\/\/shop.webio.vn\/2\/wp-json\/wp\/v2\/product_brand?post=83"},{"taxonomy":"product_cat","embeddable":true,"href":"https:\/\/shop.webio.vn\/2\/wp-json\/wp\/v2\/product_cat?post=83"},{"taxonomy":"product_tag","embeddable":true,"href":"https:\/\/shop.webio.vn\/2\/wp-json\/wp\/v2\/product_tag?post=83"}],"curies":[{"name":"wp","href":"https:\/\/api.w.org\/{rel}","templated":true}]}}