{"id":1662,"date":"2017-09-12T08:34:40","date_gmt":"2017-09-12T08:34:40","guid":{"rendered":"http:\/\/demo.thembay.com\/megabuy\/?page_id=1662"},"modified":"2024-07-05T13:57:31","modified_gmt":"2024-07-05T13:57:31","slug":"terms-of-use","status":"publish","type":"page","link":"https:\/\/shop.webio.vn\/23\/terms-of-use\/","title":{"rendered":"\u0110i\u1ec1u kho\u1ea3n v\u00e0 \u0111i\u1ec1u ki\u1ec7n"},"content":{"rendered":"\n<p>Th\u00f4ng tin m\u1eabu v\u1ec1 \u0111i\u1ec1u kho\u1ea3n v\u00e0 \u0111i\u1ec1u ki\u1ec7n.<\/p>\n\n\n\n<p>Quy\u1ec1n ri\u00eang t\u01b0<\/p>\n\n\n\n<p>N\u1ed9i dung trang web<\/p>\n\n\n\n<p>S\u1eed d\u1ee5ng Trang web v\u00e0 c\u00e1c gi\u1edbi h\u1ea1n<\/p>\n\n\n\n<p>T\u00ednh ch\u00ednh x\u00e1c c\u1ee7a th\u00f4ng tin<\/p>\n","protected":false},"excerpt":{"rendered":"<p>Th\u00f4ng tin m\u1eabu v\u1ec1 \u0111i\u1ec1u kho\u1ea3n v\u00e0 \u0111i\u1ec1u ki\u1ec7n. Quy\u1ec1n ri\u00eang t\u01b0 N\u1ed9i dung trang web S\u1eed d\u1ee5ng Trang web<\/p>\n","protected":false},"author":1,"featured_media":0,"parent":0,"menu_order":0,"comment_status":"closed","ping_status":"closed","template":"elementor_header_footer","meta":{"footnotes":""},"class_list":["post-1662","page","type-page","status-publish","hentry"],"_links":{"self":[{"href":"https:\/\/shop.webio.vn\/23\/wp-json\/wp\/v2\/pages\/1662","targetHints":{"allow":["GET"]}}],"collection":[{"href":"https:\/\/shop.webio.vn\/23\/wp-json\/wp\/v2\/pages"}],"about":[{"href":"https:\/\/shop.webio.vn\/23\/wp-json\/wp\/v2\/types\/page"}],"author":[{"embeddable":true,"href":"https:\/\/shop.webio.vn\/23\/wp-json\/wp\/v2\/users\/1"}],"replies":[{"embeddable":true,"href":"https:\/\/shop.webio.vn\/23\/wp-json\/wp\/v2\/comments?post=1662"}],"version-history":[{"count":10,"href":"https:\/\/shop.webio.vn\/23\/wp-json\/wp\/v2\/pages\/1662\/revisions"}],"predecessor-version":[{"id":16236,"href":"https:\/\/shop.webio.vn\/23\/wp-json\/wp\/v2\/pages\/1662\/revisions\/16236"}],"wp:attachment":[{"href":"https:\/\/shop.webio.vn\/23\/wp-json\/wp\/v2\/media?parent=1662"}],"curies":[{"name":"wp","href":"https:\/\/api.w.org\/{rel}","templated":true}]}}