{"id":15716,"date":"2024-02-22T03:49:09","date_gmt":"2024-02-22T03:49:09","guid":{"rendered":"https:\/\/shop.webio.vn\/5\/?page_id=15716"},"modified":"2024-04-02T12:36:58","modified_gmt":"2024-04-02T12:36:58","slug":"chinh-sach-doi-tra","status":"publish","type":"page","link":"https:\/\/shop.webio.vn\/5\/chinh-sach-doi-tra\/","title":{"rendered":"Ch\u00ednh s\u00e1ch \u0111\u1ed5i tr\u1ea3"},"content":{"rendered":"\n<h1 class=\"wp-block-heading\">Ch\u00ednh s\u00e1ch \u0111\u1ed5i tr\u1ea3<\/h1>\n\n\n\n<h2 class=\"wp-block-heading\">\u0110i\u1ec1u ki\u1ec7n \u0110\u1ed5i tr\u1ea3:<\/h2>\n\n\n\n<p>S\u1ea3n ph\u1ea9m ph\u1ea3i c\u00f2n nguy\u00ean v\u1eb9n, kh\u00f4ng b\u1ecb h\u1ecfng ho\u1eb7c s\u1eed d\u1ee5ng.<br>Th\u1eddi h\u1ea1n \u0111\u1ed5i tr\u1ea3 l\u00e0 30 ng\u00e0y k\u1ec3 t\u1eeb ng\u00e0y mua h\u00e0ng.<br>Kh\u00e1ch h\u00e0ng c\u1ea7n c\u00f3 h\u00f3a \u0111\u01a1n ho\u1eb7c gi\u1ea5y ch\u1ee9ng nh\u1eadn mua h\u00e0ng \u0111\u1ec3 y\u00eau c\u1ea7u \u0111\u1ed5i tr\u1ea3.<\/p>\n\n\n\n<h2 class=\"wp-block-heading\">S\u1ea3n ph\u1ea9m kh\u00f4ng \u0110\u01b0\u1ee3c \u0110\u1ed5i tr\u1ea3:<\/h2>\n\n\n\n<p>C\u00e1c s\u1ea3n ph\u1ea9m \u0111\u00e3 s\u1eed d\u1ee5ng ho\u1eb7c b\u1ecb h\u1ecfng do l\u1ed7i c\u1ee7a kh\u00e1ch h\u00e0ng.<br>S\u1ea3n ph\u1ea9m l\u00e0 h\u00e0ng gi\u1ea3, h\u00e0ng c\u0169 ho\u1eb7c h\u00e0ng \u0111\u00e3 qua s\u1eed d\u1ee5ng.<br>S\u1ea3n ph\u1ea9m \u0111\u00e3 qua s\u1eed d\u1ee5ng v\u00e0 kh\u00f4ng c\u00f2n trong t\u00ecnh tr\u1ea1ng m\u1edbi.<\/p>\n\n\n\n<h2 class=\"wp-block-heading\">Quy tr\u00ecnh \u0110\u1ed5i tr\u1ea3:<\/h2>\n\n\n\n<p>Kh\u00e1ch h\u00e0ng c\u1ea7n li\u00ean h\u1ec7 v\u1edbi ch\u00fang t\u00f4i qua email ho\u1eb7c \u0111i\u1ec7n tho\u1ea1i \u0111\u1ec3 y\u00eau c\u1ea7u \u0111\u1ed5i tr\u1ea3.<br>Sau khi y\u00eau c\u1ea7u \u0111\u01b0\u1ee3c ch\u1ea5p nh\u1eadn, kh\u00e1ch h\u00e0ng c\u00f3 th\u1ec3 tr\u1ea3 s\u1ea3n ph\u1ea9m v\u1ec1 c\u1eeda h\u00e0ng ho\u1eb7c g\u1eedi s\u1ea3n ph\u1ea9m qua d\u1ecbch v\u1ee5 chuy\u1ec3n ph\u00e1t.<br>Sau khi nh\u1eadn \u0111\u01b0\u1ee3c s\u1ea3n ph\u1ea9m v\u00e0 ki\u1ec3m tra t\u00ecnh tr\u1ea1ng, ch\u00fang t\u00f4i s\u1ebd x\u00e1c nh\u1eadn v\u00e0 ti\u1ebfn h\u00e0nh x\u1eed l\u00fd y\u00eau c\u1ea7u \u0111\u1ed5i tr\u1ea3.<br>Chi ph\u00ed \u0110\u1ed5i tr\u1ea3:<\/p>\n\n\n\n<p>Chi ph\u00ed v\u1eadn chuy\u1ec3n cho vi\u1ec7c \u0111\u1ed5i tr\u1ea3 s\u1ea3n ph\u1ea9m s\u1ebd do kh\u00e1ch h\u00e0ng ch\u1ecbu tr\u00e1ch nhi\u1ec7m, tr\u1eeb tr\u01b0\u1eddng h\u1ee3p s\u1ea3n ph\u1ea9m b\u1ecb h\u1ecfng do l\u1ed7i c\u1ee7a ch\u00fang t\u00f4i.<\/p>\n\n\n\n<h2 class=\"wp-block-heading\">Ho\u00e0n ti\u1ec1n:<\/h2>\n\n\n\n<p>Ho\u00e0n ti\u1ec1n s\u1ebd \u0111\u01b0\u1ee3c x\u1eed l\u00fd sau khi s\u1ea3n ph\u1ea9m \u0111\u1ed5i tr\u1ea3 \u0111\u01b0\u1ee3c nh\u1eadn v\u00e0 ki\u1ec3m tra.<br>Ho\u00e0n ti\u1ec1n s\u1ebd \u0111\u01b0\u1ee3c tr\u1ea3 v\u1ec1 cho kh\u00e1ch h\u00e0ng th\u00f4ng qua ph\u01b0\u01a1ng th\u1ee9c thanh to\u00e1n ban \u0111\u1ea7u.<br>Ch\u00ednh s\u00e1ch B\u1ea3o h\u00e0nh:<\/p>\n\n\n\n<p>Ch\u00fang t\u00f4i cam k\u1ebft b\u1ea3o h\u00e0nh s\u1ea3n ph\u1ea9m trong m\u1ed9t kho\u1ea3ng th\u1eddi gian c\u1ee5 th\u1ec3. Th\u00f4ng tin chi ti\u1ebft v\u1ec1 ch\u00ednh s\u00e1ch b\u1ea3o h\u00e0nh c\u00f3 th\u1ec3 \u0111\u01b0\u1ee3c t\u00ecm th\u1ea5y tr\u00ean h\u00f3a \u0111\u01a1n ho\u1eb7c tr\u00ean trang web c\u1ee7a ch\u00fang t\u00f4i.<br>L\u01b0u \u00fd r\u1eb1ng b\u1ea1n n\u00ean \u0111i\u1ec1u ch\u1ec9nh m\u1eabu ch\u00ednh s\u00e1ch n\u00e0y sao cho ph\u00f9 h\u1ee3p v\u1edbi lo\u1ea1i h\u00ecnh kinh doanh v\u00e0 y\u00eau c\u1ea7u c\u1ee5 th\u1ec3 c\u1ee7a c\u1eeda h\u00e0ng c\u1ee7a b\u1ea1n.<\/p>\n","protected":false},"excerpt":{"rendered":"<p>Ch\u00ednh s\u00e1ch \u0111\u1ed5i tr\u1ea3 \u0110i\u1ec1u ki\u1ec7n \u0110\u1ed5i tr\u1ea3: S\u1ea3n ph\u1ea9m ph\u1ea3i c\u00f2n nguy\u00ean v\u1eb9n, kh\u00f4ng b\u1ecb h\u1ecfng ho\u1eb7c s\u1eed d\u1ee5ng.Th\u1eddi<\/p>\n","protected":false},"author":1,"featured_media":0,"parent":0,"menu_order":0,"comment_status":"closed","ping_status":"closed","template":"","meta":{"footnotes":""},"class_list":["post-15716","page","type-page","status-publish","hentry"],"_links":{"self":[{"href":"https:\/\/shop.webio.vn\/5\/wp-json\/wp\/v2\/pages\/15716","targetHints":{"allow":["GET"]}}],"collection":[{"href":"https:\/\/shop.webio.vn\/5\/wp-json\/wp\/v2\/pages"}],"about":[{"href":"https:\/\/shop.webio.vn\/5\/wp-json\/wp\/v2\/types\/page"}],"author":[{"embeddable":true,"href":"https:\/\/shop.webio.vn\/5\/wp-json\/wp\/v2\/users\/1"}],"replies":[{"embeddable":true,"href":"https:\/\/shop.webio.vn\/5\/wp-json\/wp\/v2\/comments?post=15716"}],"version-history":[{"count":2,"href":"https:\/\/shop.webio.vn\/5\/wp-json\/wp\/v2\/pages\/15716\/revisions"}],"predecessor-version":[{"id":15908,"href":"https:\/\/shop.webio.vn\/5\/wp-json\/wp\/v2\/pages\/15716\/revisions\/15908"}],"wp:attachment":[{"href":"https:\/\/shop.webio.vn\/5\/wp-json\/wp\/v2\/media?parent=15716"}],"curies":[{"name":"wp","href":"https:\/\/api.w.org\/{rel}","templated":true}]}}