{"id":15718,"date":"2024-02-22T03:49:22","date_gmt":"2024-02-22T03:49:22","guid":{"rendered":"https:\/\/shop.webio.vn\/5\/?page_id=15718"},"modified":"2024-04-02T12:41:45","modified_gmt":"2024-04-02T12:41:45","slug":"chinh-sach-bao-mat","status":"publish","type":"page","link":"https:\/\/shop.webio.vn\/5\/chinh-sach-bao-mat\/","title":{"rendered":"Ch\u00ednh s\u00e1ch b\u1ea3o m\u1eadt"},"content":{"rendered":"\n<h1 class=\"wp-block-heading\">Ch\u00ednh s\u00e1ch b\u1ea3o m\u1eadt<\/h1>\n\n\n\n<h2 class=\"wp-block-heading\"><strong>Th\u00f4ng tin ch\u00fang t\u00f4i thu th\u1eadp<\/strong><\/h2>\n\n\n\n<p>Ch\u00fang t\u00f4i c\u00f3 th\u1ec3 thu th\u1eadp th\u00f4ng tin c\u00e1 nh\u00e2n t\u1eeb ng\u01b0\u1eddi d\u00f9ng khi h\u1ecd truy c\u1eadp trang web, \u0111\u0103ng k\u00fd, \u0111\u1eb7t h\u00e0ng ho\u1eb7c \u0111i\u1ec1n v\u00e0o m\u1eabu tr\u00ean trang web. Ng\u01b0\u1eddi d\u00f9ng c\u00f3 th\u1ec3 \u0111\u01b0\u1ee3c y\u00eau c\u1ea7u nh\u1eadp t\u00ean, \u0111\u1ecba ch\u1ec9 email, \u0111\u1ecba ch\u1ec9 giao h\u00e0ng, s\u1ed1 \u0111i\u1ec7n tho\u1ea1i v\u00e0 th\u00f4ng tin thanh to\u00e1n khi c\u1ea7n thi\u1ebft.<\/p>\n\n\n\n<h2 class=\"wp-block-heading\"><strong>M\u1ee5c \u0111\u00edch thu th\u1eadp th\u00f4ng tin<\/strong><\/h2>\n\n\n\n<p>Ch\u00fang t\u00f4i c\u00f3 th\u1ec3 s\u1eed d\u1ee5ng th\u00f4ng tin thu th\u1eadp \u0111\u01b0\u1ee3c \u0111\u1ec3:<\/p>\n\n\n\n<ul class=\"wp-block-list\">\n<li>G\u1eedi th\u00f4ng tin, c\u00e2u h\u1ecfi v\u00e0 y\u00eau c\u1ea7u kh\u00e1c.<\/li>\n\n\n\n<li>X\u1eed l\u00fd \u0111\u01a1n \u0111\u1eb7t h\u00e0ng v\u00e0 g\u1eedi th\u00f4ng b\u00e1o v\u1ec1 t\u00ecnh tr\u1ea1ng \u0111\u01a1n h\u00e0ng.<\/li>\n\n\n\n<li>Cung c\u1ea5p d\u1ecbch v\u1ee5 h\u1ed7 tr\u1ee3 v\u00e0 kh\u00e1ch h\u00e0ng.<\/li>\n\n\n\n<li>Cung c\u1ea5p th\u00f4ng tin v\u1ec1 s\u1ea3n ph\u1ea9m ho\u1eb7c d\u1ecbch v\u1ee5 c\u1ee7a ch\u00fang t\u00f4i.<\/li>\n\n\n\n<li>T\u0103ng tr\u1ea3i nghi\u1ec7m ng\u01b0\u1eddi d\u00f9ng tr\u00ean trang web b\u1eb1ng c\u00e1ch c\u00e1 nh\u00e2n h\u00f3a n\u1ed9i dung v\u00e0 qu\u1ea3ng c\u00e1o.<\/li>\n<\/ul>\n\n\n\n<h2 class=\"wp-block-heading\"><strong>B\u1ea3o m\u1eadt th\u00f4ng tin<\/strong><\/h2>\n\n\n\n<p>Ch\u00fang t\u00f4i cam k\u1ebft b\u1ea3o v\u1ec7 th\u00f4ng tin c\u00e1 nh\u00e2n c\u1ee7a b\u1ea1n v\u00e0 kh\u00f4ng chia s\u1ebb th\u00f4ng tin \u0111\u00f3 v\u1edbi b\u00ean th\u1ee9 ba kh\u00f4ng li\u00ean quan. Ch\u00fang t\u00f4i th\u1ef1c hi\u1ec7n c\u00e1c bi\u1ec7n ph\u00e1p an ninh th\u00edch h\u1ee3p \u0111\u1ec3 b\u1ea3o v\u1ec7 th\u00f4ng tin c\u00e1 nh\u00e2n c\u1ee7a b\u1ea1n kh\u1ecfi m\u1ea5t m\u00e1t, l\u1ea1c h\u1eadu, truy c\u1eadp tr\u00e1i ph\u00e9p ho\u1eb7c ti\u1ebft l\u1ed9.<\/p>\n\n\n\n<h2 class=\"wp-block-heading\"><strong>S\u1eed d\u1ee5ng Cookie<\/strong><\/h2>\n\n\n\n<p>Ch\u00fang t\u00f4i c\u00f3 th\u1ec3 s\u1eed d\u1ee5ng cookie \u0111\u1ec3 theo d\u00f5i ho\u1ea1t \u0111\u1ed9ng c\u1ee7a ng\u01b0\u1eddi d\u00f9ng tr\u00ean trang web v\u00e0 thu th\u1eadp th\u00f4ng tin v\u1ec1 vi\u1ec7c s\u1eed d\u1ee5ng trang web. Th\u00f4ng tin n\u00e0y gi\u00fap ch\u00fang t\u00f4i c\u00e1 nh\u00e2n h\u00f3a tr\u1ea3i nghi\u1ec7m ng\u01b0\u1eddi d\u00f9ng v\u00e0 cung c\u1ea5p n\u1ed9i dung \u0111\u01b0\u1ee3c t\u00f9y ch\u1ec9nh.<\/p>\n\n\n\n<h2 class=\"wp-block-heading\"><strong>Thay \u0111\u1ed5i v\u00e0 x\u00f3a th\u00f4ng tin<\/strong><\/h2>\n\n\n\n<p>Ng\u01b0\u1eddi d\u00f9ng c\u00f3 quy\u1ec1n y\u00eau c\u1ea7u truy c\u1eadp, s\u1eeda \u0111\u1ed5i ho\u1eb7c x\u00f3a th\u00f4ng tin c\u00e1 nh\u00e2n c\u1ee7a h\u1ecd b\u1ea5t k\u1ef3 l\u00fac n\u00e0o. Li\u00ean h\u1ec7 v\u1edbi ch\u00fang t\u00f4i theo \u0111\u1ecba ch\u1ec9 [\u0111\u1ecba ch\u1ec9 email] \u0111\u1ec3 th\u1ef1c hi\u1ec7n c\u00e1c thay \u0111\u1ed5i n\u00e0y.<\/p>\n\n\n\n<h2 class=\"wp-block-heading\"><strong>Thay \u0111\u1ed5i ch\u00ednh s\u00e1ch<\/strong><\/h2>\n\n\n\n<p>Ch\u00fang t\u00f4i c\u00f3 th\u1ec3 c\u1eadp nh\u1eadt ch\u00ednh s\u00e1ch b\u1ea3o m\u1eadt n\u00e0y b\u1ea5t c\u1ee9 l\u00fac n\u00e0o. B\u1ea3n c\u1eadp nh\u1eadt s\u1ebd \u0111\u01b0\u1ee3c c\u00f4ng b\u1ed1 tr\u00ean trang web.<\/p>\n\n\n\n<h2 class=\"wp-block-heading\"><strong>Li\u00ean h\u1ec7<\/strong><\/h2>\n\n\n\n<p>N\u1ebfu c\u00f3 b\u1ea5t k\u1ef3 c\u00e2u h\u1ecfi ho\u1eb7c lo ng\u1ea1i n\u00e0o v\u1ec1 Ch\u00ednh S\u00e1ch B\u1ea3o M\u1eadt n\u00e0y, vui l\u00f2ng li\u00ean h\u1ec7 v\u1edbi ch\u00fang t\u00f4i t\u1ea1i [\u0111\u1ecba ch\u1ec9 email].<\/p>\n","protected":false},"excerpt":{"rendered":"<p>Ch\u00ednh s\u00e1ch b\u1ea3o m\u1eadt Th\u00f4ng tin ch\u00fang t\u00f4i thu th\u1eadp Ch\u00fang t\u00f4i c\u00f3 th\u1ec3 thu th\u1eadp th\u00f4ng tin c\u00e1 nh\u00e2n<\/p>\n","protected":false},"author":1,"featured_media":0,"parent":0,"menu_order":0,"comment_status":"closed","ping_status":"closed","template":"","meta":{"footnotes":""},"class_list":["post-15718","page","type-page","status-publish","hentry"],"_links":{"self":[{"href":"https:\/\/shop.webio.vn\/5\/wp-json\/wp\/v2\/pages\/15718","targetHints":{"allow":["GET"]}}],"collection":[{"href":"https:\/\/shop.webio.vn\/5\/wp-json\/wp\/v2\/pages"}],"about":[{"href":"https:\/\/shop.webio.vn\/5\/wp-json\/wp\/v2\/types\/page"}],"author":[{"embeddable":true,"href":"https:\/\/shop.webio.vn\/5\/wp-json\/wp\/v2\/users\/1"}],"replies":[{"embeddable":true,"href":"https:\/\/shop.webio.vn\/5\/wp-json\/wp\/v2\/comments?post=15718"}],"version-history":[{"count":5,"href":"https:\/\/shop.webio.vn\/5\/wp-json\/wp\/v2\/pages\/15718\/revisions"}],"predecessor-version":[{"id":15915,"href":"https:\/\/shop.webio.vn\/5\/wp-json\/wp\/v2\/pages\/15718\/revisions\/15915"}],"wp:attachment":[{"href":"https:\/\/shop.webio.vn\/5\/wp-json\/wp\/v2\/media?parent=15718"}],"curies":[{"name":"wp","href":"https:\/\/api.w.org\/{rel}","templated":true}]}}