{"id":15720,"date":"2024-02-22T03:49:34","date_gmt":"2024-02-22T03:49:34","guid":{"rendered":"https:\/\/shop.webio.vn\/5\/?page_id=15720"},"modified":"2024-04-02T12:44:24","modified_gmt":"2024-04-02T12:44:24","slug":"cau-hoi-thuong-gap","status":"publish","type":"page","link":"https:\/\/shop.webio.vn\/5\/cau-hoi-thuong-gap\/","title":{"rendered":"C\u00e2u h\u1ecfi th\u01b0\u1eddng g\u1eb7p"},"content":{"rendered":"\n<h1 class=\"wp-block-heading\">C\u00e2u h\u1ecfi th\u01b0\u1eddng g\u1eb7p<\/h1>\n\n\n\n<blockquote class=\"wp-block-quote is-layout-flow wp-block-quote-is-layout-flow\">\n<p class=\"has-black-color has-text-color\"><strong>\u0110i\u1ec1u ki\u1ec7n \u0110\u1ed5i tr\u1ea3 ra sao ?<\/strong><\/p>\n<cite>S\u1ea3n ph\u1ea9m ph\u1ea3i c\u00f2n nguy\u00ean v\u1eb9n, kh\u00f4ng b\u1ecb h\u1ecfng ho\u1eb7c s\u1eed d\u1ee5ng.<br>Th\u1eddi h\u1ea1n \u0111\u1ed5i tr\u1ea3 l\u00e0 30 ng\u00e0y k\u1ec3 t\u1eeb ng\u00e0y mua h\u00e0ng.<br>Kh\u00e1ch h\u00e0ng c\u1ea7n c\u00f3 h\u00f3a \u0111\u01a1n ho\u1eb7c gi\u1ea5y ch\u1ee9ng nh\u1eadn mua h\u00e0ng \u0111\u1ec3 y\u00eau c\u1ea7u \u0111\u1ed5i tr\u1ea3.<\/cite><\/blockquote>\n\n\n\n<blockquote class=\"wp-block-quote is-layout-flow wp-block-quote-is-layout-flow\">\n<p class=\"has-black-color has-text-color\"><strong>Quy tr\u00ecnh \u0111\u1ed5i tr\u1ea3 ra sao ?<\/strong><\/p>\n<cite>Kh\u00e1ch h\u00e0ng c\u1ea7n li\u00ean h\u1ec7 v\u1edbi ch\u00fang t\u00f4i qua email ho\u1eb7c \u0111i\u1ec7n tho\u1ea1i \u0111\u1ec3 y\u00eau c\u1ea7u \u0111\u1ed5i tr\u1ea3.<br>Sau khi y\u00eau c\u1ea7u \u0111\u01b0\u1ee3c ch\u1ea5p nh\u1eadn, kh\u00e1ch h\u00e0ng c\u00f3 th\u1ec3 tr\u1ea3 s\u1ea3n ph\u1ea9m v\u1ec1 c\u1eeda h\u00e0ng ho\u1eb7c g\u1eedi s\u1ea3n ph\u1ea9m qua d\u1ecbch v\u1ee5 chuy\u1ec3n ph\u00e1t.<\/cite><\/blockquote>\n\n\n\n<blockquote class=\"wp-block-quote is-layout-flow wp-block-quote-is-layout-flow\">\n<p class=\"has-black-color has-text-color\"><strong>Shop c\u00f3 h\u1ed7 tr\u1ee3 ph\u00ed ship \u0111\u1ed5i tr\u1ea3 kh\u00f4ng ?<\/strong><\/p>\n<cite>Chi ph\u00ed v\u1eadn chuy\u1ec3n cho vi\u1ec7c \u0111\u1ed5i tr\u1ea3 s\u1ea3n ph\u1ea9m s\u1ebd do kh\u00e1ch h\u00e0ng ch\u1ecbu tr\u00e1ch nhi\u1ec7m, tr\u1eeb tr\u01b0\u1eddng h\u1ee3p s\u1ea3n ph\u1ea9m b\u1ecb h\u1ecfng do l\u1ed7i c\u1ee7a ch\u00fang t\u00f4i.<\/cite><\/blockquote>\n","protected":false},"excerpt":{"rendered":"<p>C\u00e2u h\u1ecfi th\u01b0\u1eddng g\u1eb7p \u0110i\u1ec1u ki\u1ec7n \u0110\u1ed5i tr\u1ea3 ra sao ? S\u1ea3n ph\u1ea9m ph\u1ea3i c\u00f2n nguy\u00ean v\u1eb9n, kh\u00f4ng b\u1ecb h\u1ecfng<\/p>\n","protected":false},"author":1,"featured_media":0,"parent":0,"menu_order":0,"comment_status":"closed","ping_status":"closed","template":"","meta":{"footnotes":""},"class_list":["post-15720","page","type-page","status-publish","hentry"],"_links":{"self":[{"href":"https:\/\/shop.webio.vn\/5\/wp-json\/wp\/v2\/pages\/15720","targetHints":{"allow":["GET"]}}],"collection":[{"href":"https:\/\/shop.webio.vn\/5\/wp-json\/wp\/v2\/pages"}],"about":[{"href":"https:\/\/shop.webio.vn\/5\/wp-json\/wp\/v2\/types\/page"}],"author":[{"embeddable":true,"href":"https:\/\/shop.webio.vn\/5\/wp-json\/wp\/v2\/users\/1"}],"replies":[{"embeddable":true,"href":"https:\/\/shop.webio.vn\/5\/wp-json\/wp\/v2\/comments?post=15720"}],"version-history":[{"count":4,"href":"https:\/\/shop.webio.vn\/5\/wp-json\/wp\/v2\/pages\/15720\/revisions"}],"predecessor-version":[{"id":15919,"href":"https:\/\/shop.webio.vn\/5\/wp-json\/wp\/v2\/pages\/15720\/revisions\/15919"}],"wp:attachment":[{"href":"https:\/\/shop.webio.vn\/5\/wp-json\/wp\/v2\/media?parent=15720"}],"curies":[{"name":"wp","href":"https:\/\/api.w.org\/{rel}","templated":true}]}}