{"id":15722,"date":"2024-02-22T03:49:46","date_gmt":"2024-02-22T03:49:46","guid":{"rendered":"https:\/\/shop.webio.vn\/5\/?page_id=15722"},"modified":"2024-04-02T12:39:50","modified_gmt":"2024-04-02T12:39:50","slug":"chinh-sach-khach-hang-than-thiet","status":"publish","type":"page","link":"https:\/\/shop.webio.vn\/5\/chinh-sach-khach-hang-than-thiet\/","title":{"rendered":"Ch\u00ednh s\u00e1ch kh\u00e1ch h\u00e0ng th\u00e2n thi\u1ebft"},"content":{"rendered":"\n<h1 class=\"wp-block-heading\">Ch\u00ednh s\u00e1ch kh\u00e1ch h\u00e0ng th\u00e2n thi\u1ebft<\/h1>\n\n\n\n<h2 class=\"wp-block-heading\"><strong>Ch\u01b0\u01a1ng tr\u00ecnh t\u00edch \u0111i\u1ec3m<\/strong><\/h2>\n\n\n\n<p>Ch\u00fang t\u00f4i t\u1ef1 h\u00e0o gi\u1edbi thi\u1ec7u ch\u01b0\u01a1ng tr\u00ecnh t\u00edch \u0111i\u1ec3m d\u00e0nh cho kh\u00e1ch h\u00e0ng th\u00e2n thi\u1ebft. M\u1ed7i l\u1ea7n mua h\u00e0ng, b\u1ea1n s\u1ebd nh\u1eadn \u0111\u01b0\u1ee3c \u0111i\u1ec3m th\u01b0\u1edfng t\u01b0\u01a1ng \u1ee9ng v\u1edbi s\u1ed1 ti\u1ec1n chi ti\u00eau c\u1ee7a b\u1ea1n. Khi t\u00edch l\u0169y \u0111\u1ee7 \u0111i\u1ec3m, b\u1ea1n c\u00f3 th\u1ec3 \u0111\u1ed5i ch\u00fang \u0111\u1ec3 nh\u1eadn \u0111\u01b0\u1ee3c \u01b0u \u0111\u00e3i \u0111\u1eb7c bi\u1ec7t v\u00e0 gi\u1ea3m gi\u00e1 cho c\u00e1c \u0111\u01a1n h\u00e0ng ti\u1ebfp theo.<\/p>\n\n\n\n<h2 class=\"wp-block-heading\"><strong>\u01afu \u0111\u00e3i v\u00e0 qu\u00e0 t\u1eb7ng \u0111\u1eb7c bi\u1ec7t<\/strong>: <\/h2>\n\n\n\n<p>Kh\u00e1ch h\u00e0ng th\u00e2n thi\u1ebft c\u1ee7a ch\u00fang t\u00f4i s\u1ebd nh\u1eadn \u0111\u01b0\u1ee3c \u01b0u \u0111\u00e3i v\u00e0 qu\u00e0 t\u1eb7ng \u0111\u1eb7c bi\u1ec7t nh\u01b0 m\u1ed9t l\u1eddi c\u1ea3m \u01a1n v\u1ec1 s\u1ef1 \u1ee7ng h\u1ed9 v\u00e0 trung th\u00e0nh c\u1ee7a h\u1ecd.<\/p>\n\n\n\n<h2 class=\"wp-block-heading\">Th\u00f4ng tin \u01b0u \u0111\u00e3i \u0111\u1ed9c quy\u1ec1n: <\/h2>\n\n\n\n<p>B\u1eb1ng c\u00e1ch tham gia v\u00e0o ch\u01b0\u01a1ng tr\u00ecnh kh\u00e1ch h\u00e0ng th\u00e2n thi\u1ebft c\u1ee7a ch\u00fang t\u00f4i, b\u1ea1n s\u1ebd nh\u1eadn \u0111\u01b0\u1ee3c th\u00f4ng tin v\u1ec1 c\u00e1c \u01b0u \u0111\u00e3i v\u00e0 s\u1ef1 ki\u1ec7n \u0111\u1eb7c bi\u1ec7t tr\u01b0\u1edbc khi ch\u00fang \u0111\u01b0\u1ee3c c\u00f4ng b\u1ed1 cho c\u00f4ng ch\u00fang.<\/p>\n\n\n\n<h2 class=\"wp-block-heading\">D\u1ecbch v\u1ee5 \u01b0u ti\u00ean: <\/h2>\n\n\n\n<p>Kh\u00e1ch h\u00e0ng th\u00e2n thi\u1ebft c\u1ee7a ch\u00fang t\u00f4i s\u1ebd nh\u1eadn \u0111\u01b0\u1ee3c d\u1ecbch v\u1ee5 \u01b0u ti\u00ean t\u1eeb \u0111\u1ed9i ng\u0169 h\u1ed7 tr\u1ee3 c\u1ee7a ch\u00fang t\u00f4i. Ch\u00fang t\u00f4i cam k\u1ebft \u0111\u00e1p \u1ee9ng nhanh ch\u00f3ng v\u00e0 hi\u1ec7u qu\u1ea3 m\u1ecdi y\u00eau c\u1ea7u v\u00e0 ph\u1ea3n h\u1ed3i t\u1eeb ph\u00eda kh\u00e1ch h\u00e0ng th\u00e2n thi\u1ebft.<\/p>\n\n\n\n<h2 class=\"wp-block-heading\">T\u01b0 v\u1ea5n v\u00e0 h\u1ed7 tr\u1ee3 c\u00e1 nh\u00e2n: <\/h2>\n\n\n\n<p>Ch\u00fang t\u00f4i s\u1ebd cung c\u1ea5p t\u01b0 v\u1ea5n v\u00e0 h\u1ed7 tr\u1ee3 c\u00e1 nh\u00e2n cho kh\u00e1ch h\u00e0ng th\u00e2n thi\u1ebft \u0111\u1ec3 \u0111\u1ea3m b\u1ea3o h\u1ecd c\u00f3 \u0111\u01b0\u1ee3c tr\u1ea3i nghi\u1ec7m mua s\u1eafm t\u1ed1t nh\u1ea5t v\u00e0 t\u00ecm \u0111\u01b0\u1ee3c c\u00e1c s\u1ea3n ph\u1ea9m ph\u00f9 h\u1ee3p nh\u1ea5t v\u1edbi nhu c\u1ea7u c\u1ee7a h\u1ecd.<\/p>\n\n\n\n<p>L\u01b0u \u00fd r\u1eb1ng b\u1ea1n n\u00ean \u0111i\u1ec1u ch\u1ec9nh m\u1eabu ch\u00ednh s\u00e1ch n\u00e0y sao cho ph\u00f9 h\u1ee3p v\u1edbi lo\u1ea1i h\u00ecnh kinh doanh v\u00e0 y\u00eau c\u1ea7u c\u1ee5 th\u1ec3 c\u1ee7a c\u1eeda h\u00e0ng c\u1ee7a b\u1ea1n.<\/p>\n","protected":false},"excerpt":{"rendered":"<p>Ch\u00ednh s\u00e1ch kh\u00e1ch h\u00e0ng th\u00e2n thi\u1ebft Ch\u01b0\u01a1ng tr\u00ecnh t\u00edch \u0111i\u1ec3m Ch\u00fang t\u00f4i t\u1ef1 h\u00e0o gi\u1edbi thi\u1ec7u ch\u01b0\u01a1ng tr\u00ecnh t\u00edch \u0111i\u1ec3m<\/p>\n","protected":false},"author":1,"featured_media":0,"parent":0,"menu_order":0,"comment_status":"closed","ping_status":"closed","template":"","meta":{"footnotes":""},"class_list":["post-15722","page","type-page","status-publish","hentry"],"_links":{"self":[{"href":"https:\/\/shop.webio.vn\/5\/wp-json\/wp\/v2\/pages\/15722","targetHints":{"allow":["GET"]}}],"collection":[{"href":"https:\/\/shop.webio.vn\/5\/wp-json\/wp\/v2\/pages"}],"about":[{"href":"https:\/\/shop.webio.vn\/5\/wp-json\/wp\/v2\/types\/page"}],"author":[{"embeddable":true,"href":"https:\/\/shop.webio.vn\/5\/wp-json\/wp\/v2\/users\/1"}],"replies":[{"embeddable":true,"href":"https:\/\/shop.webio.vn\/5\/wp-json\/wp\/v2\/comments?post=15722"}],"version-history":[{"count":4,"href":"https:\/\/shop.webio.vn\/5\/wp-json\/wp\/v2\/pages\/15722\/revisions"}],"predecessor-version":[{"id":15911,"href":"https:\/\/shop.webio.vn\/5\/wp-json\/wp\/v2\/pages\/15722\/revisions\/15911"}],"wp:attachment":[{"href":"https:\/\/shop.webio.vn\/5\/wp-json\/wp\/v2\/media?parent=15722"}],"curies":[{"name":"wp","href":"https:\/\/api.w.org\/{rel}","templated":true}]}}