{"id":15724,"date":"2024-02-22T03:49:58","date_gmt":"2024-02-22T03:49:58","guid":{"rendered":"https:\/\/shop.webio.vn\/5\/?page_id=15724"},"modified":"2024-04-02T12:19:03","modified_gmt":"2024-04-02T12:19:03","slug":"huong-dan-mua-hang-online","status":"publish","type":"page","link":"https:\/\/shop.webio.vn\/5\/huong-dan-mua-hang-online\/","title":{"rendered":"H\u01b0\u1edbng d\u1eabn mua h\u00e0ng Online"},"content":{"rendered":"\n<h2 class=\"wp-block-heading\"><a href=\"https:\/\/shop.webio.vn\/5\/huong-dan-mua-hang-online\/\">H\u01b0\u1edbng d\u1eabn mua h\u00e0ng Online<\/a><\/h2>\n\n\n\n<p>D\u01b0\u1edbi \u0111\u00e2y l\u00e0 m\u1ed9t h\u01b0\u1edbng d\u1eabn c\u01a1 b\u1ea3n v\u1ec1 c\u00e1ch \u0111\u1eb7t h\u00e0ng tr\u00ean m\u1ed9t trang web mua s\u1eafm:<\/p>\n\n\n\n<ol class=\"wp-block-list\">\n<li><strong>Truy c\u1eadp trang web mua s\u1eafm<\/strong>: \u0110\u1ea7u ti\u00ean, truy c\u1eadp v\u00e0o trang web mua s\u1eafm m\u00e0 b\u1ea1n mu\u1ed1n mua h\u00e0ng t\u1eeb tr\u00ecnh duy\u1ec7t web c\u1ee7a b\u1ea1n.<\/li>\n\n\n\n<li><strong>T\u00ecm ki\u1ebfm s\u1ea3n ph\u1ea9m<\/strong>: S\u1eed d\u1ee5ng thanh c\u00f4ng c\u1ee5 t\u00ecm ki\u1ebfm ho\u1eb7c danh m\u1ee5c s\u1ea3n ph\u1ea9m \u0111\u1ec3 t\u00ecm ki\u1ebfm s\u1ea3n ph\u1ea9m m\u00e0 b\u1ea1n mu\u1ed1n mua. Nh\u1eadp t\u1eeb kh\u00f3a li\u00ean quan v\u00e0o thanh t\u00ecm ki\u1ebfm \u0111\u1ec3 thu h\u1eb9p k\u1ebft qu\u1ea3 t\u00ecm ki\u1ebfm.<\/li>\n\n\n\n<li><strong>Ch\u1ecdn s\u1ea3n ph\u1ea9m<\/strong>: Khi b\u1ea1n \u0111\u00e3 t\u00ecm th\u1ea5y s\u1ea3n ph\u1ea9m m\u00ecnh mu\u1ed1n mua, nh\u1ea5p v\u00e0o s\u1ea3n ph\u1ea9m \u0111\u00f3 \u0111\u1ec3 xem th\u00f4ng tin chi ti\u1ebft. \u0110\u1ea3m b\u1ea3o b\u1ea1n ki\u1ec3m tra k\u1ef9 c\u00e1c th\u00f4ng tin nh\u01b0 gi\u00e1 c\u1ea3, k\u00edch th\u01b0\u1edbc, m\u00e0u s\u1eafc v\u00e0 th\u00f4ng tin v\u1eadn chuy\u1ec3n.<\/li>\n\n\n\n<li><strong>Th\u00eam v\u00e0o gi\u1ecf h\u00e0ng<\/strong>: N\u1ebfu b\u1ea1n quy\u1ebft \u0111\u1ecbnh mua s\u1ea3n ph\u1ea9m, nh\u1ea5p v\u00e0o n\u00fat &#8220;Th\u00eam v\u00e0o gi\u1ecf h\u00e0ng&#8221; ho\u1eb7c bi\u1ec3u t\u01b0\u1ee3ng gi\u1ecf h\u00e0ng. S\u1ed1 l\u01b0\u1ee3ng s\u1ea3n ph\u1ea9m v\u00e0 t\u1ed5ng ti\u1ec1n s\u1ebd \u0111\u01b0\u1ee3c c\u1eadp nh\u1eadt trong gi\u1ecf h\u00e0ng c\u1ee7a b\u1ea1n.<\/li>\n\n\n\n<li><strong>Ki\u1ec3m tra gi\u1ecf h\u00e0ng<\/strong>: Khi b\u1ea1n \u0111\u00e3 th\u00eam s\u1ea3n ph\u1ea9m v\u00e0o gi\u1ecf h\u00e0ng, h\u00e3y ki\u1ec3m tra gi\u1ecf h\u00e0ng \u0111\u1ec3 xem l\u1ea1i c\u00e1c m\u1eb7t h\u00e0ng b\u1ea1n \u0111\u00e3 ch\u1ecdn. \u1ede \u0111\u00e2y b\u1ea1n c\u00f3 th\u1ec3 c\u1eadp nh\u1eadt s\u1ed1 l\u01b0\u1ee3ng, x\u00f3a s\u1ea3n ph\u1ea9m ho\u1eb7c \u00e1p d\u1ee5ng c\u00e1c m\u00e3 gi\u1ea3m gi\u00e1 n\u1ebfu c\u00f3.<\/li>\n\n\n\n<li><strong>Thanh to\u00e1n<\/strong>: Khi b\u1ea1n \u0111\u00e3 s\u1eb5n s\u00e0ng \u0111\u1ec3 thanh to\u00e1n, nh\u1ea5p v\u00e0o n\u00fat &#8220;Thanh to\u00e1n&#8221; ho\u1eb7c &#8220;Thanh to\u00e1n ngay&#8221;. B\u1ea1n s\u1ebd \u0111\u01b0\u1ee3c chuy\u1ec3n h\u01b0\u1edbng \u0111\u1ebfn trang thanh to\u00e1n \u0111\u1ec3 nh\u1eadp th\u00f4ng tin thanh to\u00e1n v\u00e0 \u0111\u1ecba ch\u1ec9 giao h\u00e0ng.<\/li>\n\n\n\n<li><strong>Nh\u1eadp th\u00f4ng tin thanh to\u00e1n<\/strong>: Nh\u1eadp th\u00f4ng tin thanh to\u00e1n c\u1ee7a b\u1ea1n, bao g\u1ed3m th\u00f4ng tin th\u1ebb t\u00edn d\u1ee5ng ho\u1eb7c th\u00f4ng tin PayPal. \u0110\u1ea3m b\u1ea3o r\u1eb1ng th\u00f4ng tin thanh to\u00e1n c\u1ee7a b\u1ea1n \u0111\u01b0\u1ee3c nh\u1eadp ch\u00ednh x\u00e1c v\u00e0 an to\u00e0n.<\/li>\n\n\n\n<li><strong>X\u00e1c nh\u1eadn \u0111\u01a1n h\u00e0ng<\/strong>: Sau khi nh\u1eadp th\u00f4ng tin thanh to\u00e1n, ki\u1ec3m tra l\u1ea1i \u0111\u01a1n h\u00e0ng c\u1ee7a b\u1ea1n v\u00e0 nh\u1ea5p v\u00e0o n\u00fat &#8220;X\u00e1c nh\u1eadn \u0111\u01a1n h\u00e0ng&#8221; ho\u1eb7c &#8220;Ho\u00e0n t\u1ea5t \u0111\u01a1n h\u00e0ng&#8221;. B\u1ea1n s\u1ebd nh\u1eadn \u0111\u01b0\u1ee3c m\u1ed9t x\u00e1c nh\u1eadn \u0111\u01a1n h\u00e0ng qua email ho\u1eb7c tr\u00ean trang web.<\/li>\n\n\n\n<li><strong>Theo d\u00f5i \u0111\u01a1n h\u00e0ng<\/strong>: Theo d\u00f5i th\u00f4ng tin v\u1eadn chuy\u1ec3n c\u1ee7a \u0111\u01a1n h\u00e0ng c\u1ee7a b\u1ea1n \u0111\u1ec3 bi\u1ebft khi n\u00e0o s\u1ea3n ph\u1ea9m s\u1ebd \u0111\u01b0\u1ee3c giao \u0111\u1ebfn \u0111\u1ecba ch\u1ec9 c\u1ee7a b\u1ea1n.<\/li>\n\n\n\n<li><strong>Nh\u1eadn v\u00e0 ki\u1ec3m tra s\u1ea3n ph\u1ea9m<\/strong>: Khi nh\u1eadn \u0111\u01b0\u1ee3c s\u1ea3n ph\u1ea9m, h\u00e3y ki\u1ec3m tra k\u1ef9 l\u01b0\u1ee1ng \u0111\u1ec3 \u0111\u1ea3m b\u1ea3o n\u00f3 \u0111\u00fang nh\u01b0 m\u00f4 t\u1ea3 tr\u00ean trang web v\u00e0 kh\u00f4ng b\u1ecb h\u1ecfng h\u00f3c.<\/li>\n<\/ol>\n","protected":false},"excerpt":{"rendered":"<p>H\u01b0\u1edbng d\u1eabn mua h\u00e0ng Online D\u01b0\u1edbi \u0111\u00e2y l\u00e0 m\u1ed9t h\u01b0\u1edbng d\u1eabn c\u01a1 b\u1ea3n v\u1ec1 c\u00e1ch \u0111\u1eb7t h\u00e0ng tr\u00ean m\u1ed9t trang<\/p>\n","protected":false},"author":1,"featured_media":0,"parent":0,"menu_order":0,"comment_status":"closed","ping_status":"closed","template":"","meta":{"footnotes":""},"class_list":["post-15724","page","type-page","status-publish","hentry"],"_links":{"self":[{"href":"https:\/\/shop.webio.vn\/5\/wp-json\/wp\/v2\/pages\/15724","targetHints":{"allow":["GET"]}}],"collection":[{"href":"https:\/\/shop.webio.vn\/5\/wp-json\/wp\/v2\/pages"}],"about":[{"href":"https:\/\/shop.webio.vn\/5\/wp-json\/wp\/v2\/types\/page"}],"author":[{"embeddable":true,"href":"https:\/\/shop.webio.vn\/5\/wp-json\/wp\/v2\/users\/1"}],"replies":[{"embeddable":true,"href":"https:\/\/shop.webio.vn\/5\/wp-json\/wp\/v2\/comments?post=15724"}],"version-history":[{"count":3,"href":"https:\/\/shop.webio.vn\/5\/wp-json\/wp\/v2\/pages\/15724\/revisions"}],"predecessor-version":[{"id":15902,"href":"https:\/\/shop.webio.vn\/5\/wp-json\/wp\/v2\/pages\/15724\/revisions\/15902"}],"wp:attachment":[{"href":"https:\/\/shop.webio.vn\/5\/wp-json\/wp\/v2\/media?parent=15724"}],"curies":[{"name":"wp","href":"https:\/\/api.w.org\/{rel}","templated":true}]}}