{"id":15726,"date":"2024-02-22T03:50:19","date_gmt":"2024-02-22T03:50:19","guid":{"rendered":"https:\/\/shop.webio.vn\/5\/?page_id=15726"},"modified":"2024-04-02T12:11:29","modified_gmt":"2024-04-02T12:11:29","slug":"gioi-thieu","status":"publish","type":"page","link":"https:\/\/shop.webio.vn\/5\/gioi-thieu\/","title":{"rendered":"Gi\u1edbi thi\u1ec7u"},"content":{"rendered":"\n<h2 class=\"wp-block-heading\">V\u1ec1 Iconic<\/h2>\n\n\n\n<div class=\"wp-block-columns is-layout-flex wp-container-core-columns-is-layout-9d6595d7 wp-block-columns-is-layout-flex\">\n<div class=\"wp-block-column is-layout-flow wp-block-column-is-layout-flow\">\n<p>C\u00f4ng ty th\u1eddi trang Iconic l\u00e0 m\u1ed9t trong nh\u1eefng th\u01b0\u01a1ng hi\u1ec7u h\u00e0ng \u0111\u1ea7u trong ng\u00e0nh th\u1eddi trang hi\u1ec7n \u0111\u1ea1i, v\u1edbi s\u1ee9 m\u1ec7nh t\u1ea1o ra nh\u1eefng s\u1ea3n ph\u1ea9m \u0111\u1eb3ng c\u1ea5p v\u00e0 phong c\u00e1ch \u0111\u1ec3 t\u00f4n vinh v\u1ebb \u0111\u1eb9p v\u00e0 c\u00e1 t\u00ednh c\u1ee7a m\u1ed7i ng\u01b0\u1eddi.<\/p>\n\n\n\n<p>V\u1edbi m\u1ed9t l\u1ecbch s\u1eed ph\u00e1t tri\u1ec3n \u1ea5n t\u01b0\u1ee3ng, Iconic \u0111\u00e3 t\u1eebng b\u01b0\u1edbc kh\u1eb3ng \u0111\u1ecbnh v\u1ecb th\u1ebf c\u1ee7a m\u00ecnh tr\u00ean th\u1ecb tr\u01b0\u1eddng th\u1eddi trang qu\u1ed1c t\u1ebf. Ch\u00fang t\u00f4i kh\u00f4ng ch\u1ec9 l\u00e0m vi\u1ec7c v\u1edbi c\u00e1c nh\u00e0 thi\u1ebft k\u1ebf t\u00e0i n\u0103ng \u0111\u1ec3 s\u00e1ng t\u1ea1o ra nh\u1eefng b\u1ed9 s\u01b0u t\u1eadp \u0111\u1ed9c \u0111\u00e1o v\u00e0 \u0111a d\u1ea1ng, m\u00e0 c\u00f2n cam k\u1ebft mang \u0111\u1ebfn cho kh\u00e1ch h\u00e0ng nh\u1eefng s\u1ea3n ph\u1ea9m ch\u1ea5t l\u01b0\u1ee3ng cao v\u00e0 d\u1ecbch v\u1ee5 ho\u00e0n h\u1ea3o.<\/p>\n\n\n\n<p>V\u1edbi m\u1ed9t \u0111\u1ed9i ng\u0169 chuy\u00ean gia t\u1eadn t\u00e2m v\u00e0 gi\u00e0u kinh nghi\u1ec7m, Iconic kh\u00f4ng ng\u1eebng nghi\u00ean c\u1ee9u v\u00e0 ph\u00e1t tri\u1ec3n \u0111\u1ec3 \u0111\u00e1p \u1ee9ng nh\u1eefng xu h\u01b0\u1edbng m\u1edbi nh\u1ea5t trong ng\u00e0nh th\u1eddi trang. Ch\u00fang t\u00f4i t\u1ef1 h\u00e0o v\u1ec1 vi\u1ec7c t\u1ea1o ra nh\u1eefng b\u1ed9 s\u01b0u t\u1eadp mang t\u00ednh c\u00e1ch m\u1ea1ng, k\u1ebft h\u1ee3p gi\u1eefa phong c\u00e1ch hi\u1ec7n \u0111\u1ea1i v\u00e0 truy\u1ec1n th\u1ed1ng, t\u1eeb \u0111\u00f3 t\u1ea1o n\u00ean s\u1ef1 kh\u00e1c bi\u1ec7t v\u00e0 n\u1ed5i b\u1eadt.<\/p>\n\n\n\n<p>Kh\u00f4ng ch\u1ec9 l\u00e0 m\u1ed9t th\u01b0\u01a1ng hi\u1ec7u th\u1eddi trang, Iconic c\u00f2n \u0111\u1eb7t s\u1ee9 m\u1ec7nh x\u00e3 h\u1ed9i v\u00e0 m\u00f4i tr\u01b0\u1eddng v\u00e0o tr\u1ecdng t\u00e2m ho\u1ea1t \u0111\u1ed9ng. Ch\u00fang t\u00f4i cam k\u1ebft th\u1ef1c hi\u1ec7n c\u00e1c ti\u00eau chu\u1ea9n b\u1ec1n v\u1eefng v\u00e0 \u0111\u1ea3m b\u1ea3o r\u1eb1ng m\u1ecdi s\u1ea3n ph\u1ea9m \u0111\u01b0\u1ee3c s\u1ea3n xu\u1ea5t v\u00e0 kinh doanh m\u1ed9t c\u00e1ch \u0111\u1ea1o \u0111\u1ee9c v\u00e0 c\u00f3 tr\u00e1ch nhi\u1ec7m.<\/p>\n\n\n\n<p>V\u1edbi s\u1ef1 cam k\u1ebft kh\u00f4ng ng\u1eebng ngh\u1ec9 v\u1ec1 ch\u1ea5t l\u01b0\u1ee3ng v\u00e0 s\u1ef1 s\u00e1ng t\u1ea1o, Iconic l\u00e0 \u0111\u1ecba ch\u1ec9 tin c\u1eady cho nh\u1eefng ng\u01b0\u1eddi y\u00eau th\u1eddi trang v\u00e0 mu\u1ed1n t\u1ecfa s\u00e1ng v\u1edbi phong c\u00e1ch ri\u00eang c\u1ee7a m\u00ecnh.<\/p>\n<\/div>\n\n\n\n<div class=\"wp-block-column is-layout-flow wp-block-column-is-layout-flow\">\n<figure class=\"wp-block-image size-full\"><img fetchpriority=\"high\" decoding=\"async\" width=\"780\" height=\"520\" src=\"https:\/\/shop.webio.vn\/5\/wp-content\/uploads\/sites\/5\/2024\/02\/video-banner-1.jpg\" alt=\"\" class=\"wp-image-15793\" srcset=\"https:\/\/shop.webio.vn\/5\/wp-content\/uploads\/sites\/5\/2024\/02\/video-banner-1.jpg 780w, https:\/\/shop.webio.vn\/5\/wp-content\/uploads\/sites\/5\/2024\/02\/video-banner-1-300x200.jpg 300w, https:\/\/shop.webio.vn\/5\/wp-content\/uploads\/sites\/5\/2024\/02\/video-banner-1-768x512.jpg 768w, https:\/\/shop.webio.vn\/5\/wp-content\/uploads\/sites\/5\/2024\/02\/video-banner-1-600x400.jpg 600w, https:\/\/shop.webio.vn\/5\/wp-content\/uploads\/sites\/5\/2024\/02\/video-banner-1-150x100.jpg 150w\" sizes=\"(max-width: 780px) 100vw, 780px\" \/><\/figure>\n<\/div>\n<\/div>\n\n\n\n<p><\/p>\n","protected":false},"excerpt":{"rendered":"<p>V\u1ec1 Iconic C\u00f4ng ty th\u1eddi trang Iconic l\u00e0 m\u1ed9t trong nh\u1eefng th\u01b0\u01a1ng hi\u1ec7u h\u00e0ng \u0111\u1ea7u trong ng\u00e0nh th\u1eddi trang hi\u1ec7n<\/p>\n","protected":false},"author":1,"featured_media":0,"parent":0,"menu_order":0,"comment_status":"closed","ping_status":"closed","template":"","meta":{"footnotes":""},"class_list":["post-15726","page","type-page","status-publish","hentry"],"_links":{"self":[{"href":"https:\/\/shop.webio.vn\/5\/wp-json\/wp\/v2\/pages\/15726","targetHints":{"allow":["GET"]}}],"collection":[{"href":"https:\/\/shop.webio.vn\/5\/wp-json\/wp\/v2\/pages"}],"about":[{"href":"https:\/\/shop.webio.vn\/5\/wp-json\/wp\/v2\/types\/page"}],"author":[{"embeddable":true,"href":"https:\/\/shop.webio.vn\/5\/wp-json\/wp\/v2\/users\/1"}],"replies":[{"embeddable":true,"href":"https:\/\/shop.webio.vn\/5\/wp-json\/wp\/v2\/comments?post=15726"}],"version-history":[{"count":12,"href":"https:\/\/shop.webio.vn\/5\/wp-json\/wp\/v2\/pages\/15726\/revisions"}],"predecessor-version":[{"id":15890,"href":"https:\/\/shop.webio.vn\/5\/wp-json\/wp\/v2\/pages\/15726\/revisions\/15890"}],"wp:attachment":[{"href":"https:\/\/shop.webio.vn\/5\/wp-json\/wp\/v2\/media?parent=15726"}],"curies":[{"name":"wp","href":"https:\/\/api.w.org\/{rel}","templated":true}]}}