{"id":15743,"date":"2024-02-22T04:02:53","date_gmt":"2024-02-22T04:02:53","guid":{"rendered":"https:\/\/shop.webio.vn\/5\/?page_id=15743"},"modified":"2024-04-02T12:38:51","modified_gmt":"2024-04-02T12:38:51","slug":"chinh-sach-thanh-toan","status":"publish","type":"page","link":"https:\/\/shop.webio.vn\/5\/chinh-sach-thanh-toan\/","title":{"rendered":"Ch\u00ednh s\u00e1ch thanh to\u00e1n"},"content":{"rendered":"\n<h1 class=\"wp-block-heading\">Ch\u00ednh s\u00e1ch thanh to\u00e1n<\/h1>\n\n\n\n<h2 class=\"wp-block-heading\">Ph\u01b0\u01a1ng th\u1ee9c thanh to\u00e1n ch\u1ea5p nh\u1eadn:<\/h2>\n\n\n\n<ul class=\"wp-block-list\">\n<li>Ch\u00fang t\u00f4i ch\u1ea5p nh\u1eadn thanh to\u00e1n qua c\u00e1c ph\u01b0\u01a1ng th\u1ee9c sau:<\/li>\n\n\n\n<li>Th\u1ebb t\u00edn d\u1ee5ng\/debit (Visa, MasterCard, American Express)<\/li>\n\n\n\n<li>Chuy\u1ec3n kho\u1ea3n ng\u00e2n h\u00e0ng<\/li>\n\n\n\n<li>PayPal<\/li>\n\n\n\n<li>Thanh to\u00e1n khi nh\u1eadn h\u00e0ng (COD)<\/li>\n<\/ul>\n\n\n\n<h2 class=\"wp-block-heading\">B\u1ea3o m\u1eadt thanh to\u00e1n:<\/h2>\n\n\n\n<p>T\u1ea5t c\u1ea3 th\u00f4ng tin thanh to\u00e1n c\u1ee7a kh\u00e1ch h\u00e0ng s\u1ebd \u0111\u01b0\u1ee3c x\u1eed l\u00fd m\u1ed9t c\u00e1ch an to\u00e0n v\u00e0 b\u1ea3o m\u1eadt. Ch\u00fang t\u00f4i kh\u00f4ng l\u01b0u tr\u1eef th\u00f4ng tin th\u1ebb t\u00edn d\u1ee5ng\/debit c\u1ee7a b\u1ea1n tr\u00ean h\u1ec7 th\u1ed1ng c\u1ee7a ch\u00fang t\u00f4i.<br>Thanh to\u00e1n tr\u01b0\u1edbc v\u00e0 h\u1ee7y \u0111\u01a1n h\u00e0ng:<\/p>\n\n\n\n<p>\u0110\u1ec3 x\u00e1c nh\u1eadn \u0111\u01a1n h\u00e0ng, ch\u00fang t\u00f4i y\u00eau c\u1ea7u thanh to\u00e1n tr\u01b0\u1edbc. Trong tr\u01b0\u1eddng h\u1ee3p b\u1ea1n mu\u1ed1n h\u1ee7y \u0111\u01a1n h\u00e0ng, vui l\u00f2ng th\u00f4ng b\u00e1o cho ch\u00fang t\u00f4i c\u00e0ng s\u1edbm c\u00e0ng t\u1ed1t. Ch\u00fang t\u00f4i s\u1ebd c\u1ed1 g\u1eafng h\u1ed7 tr\u1ee3 b\u1ea1n v\u1edbi ch\u00ednh s\u00e1ch h\u1ee7y \u0111\u01a1n h\u00e0ng v\u00e0 ho\u00e0n ti\u1ec1n ph\u00f9 h\u1ee3p.<\/p>\n\n\n\n<h2 class=\"wp-block-heading\">X\u00e1c nh\u1eadn thanh to\u00e1n:<\/h2>\n\n\n\n<p>Sau khi thanh to\u00e1n th\u00e0nh c\u00f4ng, b\u1ea1n s\u1ebd nh\u1eadn \u0111\u01b0\u1ee3c m\u1ed9t x\u00e1c nh\u1eadn qua email ho\u1eb7c tin nh\u1eafn v\u0103n b\u1ea3n. H\u00e3y ki\u1ec3m tra l\u1ea1i th\u00f4ng tin \u0111\u01a1n h\u00e0ng v\u00e0 th\u00f4ng tin thanh to\u00e1n \u0111\u1ec3 \u0111\u1ea3m b\u1ea3o t\u00ednh ch\u00ednh x\u00e1c.<\/p>\n\n\n\n<h2 class=\"wp-block-heading\">Chi ph\u00ed v\u1eadn chuy\u1ec3n v\u00e0 thu\u1ebf:<\/h2>\n\n\n\n<p>Chi ph\u00ed v\u1eadn chuy\u1ec3n v\u00e0 thu\u1ebf s\u1ebd \u0111\u01b0\u1ee3c t\u00ednh ri\u00eang v\u00e0 th\u00eam v\u00e0o t\u1ed5ng s\u1ed1 ti\u1ec1n thanh to\u00e1n c\u1ee7a \u0111\u01a1n h\u00e0ng c\u1ee7a b\u1ea1n. Xin l\u01b0u \u00fd r\u1eb1ng gi\u00e1 s\u1ea3n ph\u1ea9m ch\u01b0a bao g\u1ed3m c\u00e1c chi ph\u00ed n\u00e0y.<br><\/p>\n\n\n\n<h2 class=\"wp-block-heading\">Ch\u00ednh s\u00e1ch tr\u1ea3 l\u1ea1i v\u00e0 ho\u00e0n ti\u1ec1n:<\/h2>\n\n\n\n<p>Vui l\u00f2ng tham kh\u1ea3o ch\u00ednh s\u00e1ch tr\u1ea3 l\u1ea1i v\u00e0 ho\u00e0n ti\u1ec1n c\u1ee7a ch\u00fang t\u00f4i \u0111\u1ec3 bi\u1ebft th\u00eam th\u00f4ng tin chi ti\u1ebft v\u1ec1 quy tr\u00ecnh v\u00e0 \u0111i\u1ec1u ki\u1ec7n \u00e1p d\u1ee5ng.<br>L\u01b0u \u00fd r\u1eb1ng b\u1ea1n n\u00ean \u0111i\u1ec1u ch\u1ec9nh m\u1eabu ch\u00ednh s\u00e1ch n\u00e0y sao cho ph\u00f9 h\u1ee3p v\u1edbi lo\u1ea1i h\u00ecnh kinh doanh v\u00e0 y\u00eau c\u1ea7u c\u1ee5 th\u1ec3 c\u1ee7a c\u1eeda h\u00e0ng c\u1ee7a b\u1ea1n.<\/p>\n","protected":false},"excerpt":{"rendered":"<p>Ch\u00ednh s\u00e1ch thanh to\u00e1n Ph\u01b0\u01a1ng th\u1ee9c thanh to\u00e1n ch\u1ea5p nh\u1eadn: B\u1ea3o m\u1eadt thanh to\u00e1n: T\u1ea5t c\u1ea3 th\u00f4ng tin thanh to\u00e1n<\/p>\n","protected":false},"author":1,"featured_media":0,"parent":0,"menu_order":0,"comment_status":"closed","ping_status":"closed","template":"","meta":{"footnotes":""},"class_list":["post-15743","page","type-page","status-publish","hentry"],"_links":{"self":[{"href":"https:\/\/shop.webio.vn\/5\/wp-json\/wp\/v2\/pages\/15743","targetHints":{"allow":["GET"]}}],"collection":[{"href":"https:\/\/shop.webio.vn\/5\/wp-json\/wp\/v2\/pages"}],"about":[{"href":"https:\/\/shop.webio.vn\/5\/wp-json\/wp\/v2\/types\/page"}],"author":[{"embeddable":true,"href":"https:\/\/shop.webio.vn\/5\/wp-json\/wp\/v2\/users\/1"}],"replies":[{"embeddable":true,"href":"https:\/\/shop.webio.vn\/5\/wp-json\/wp\/v2\/comments?post=15743"}],"version-history":[{"count":2,"href":"https:\/\/shop.webio.vn\/5\/wp-json\/wp\/v2\/pages\/15743\/revisions"}],"predecessor-version":[{"id":15910,"href":"https:\/\/shop.webio.vn\/5\/wp-json\/wp\/v2\/pages\/15743\/revisions\/15910"}],"wp:attachment":[{"href":"https:\/\/shop.webio.vn\/5\/wp-json\/wp\/v2\/media?parent=15743"}],"curies":[{"name":"wp","href":"https:\/\/api.w.org\/{rel}","templated":true}]}}