{"id":15609,"date":"2024-02-22T02:15:26","date_gmt":"2024-02-22T02:15:26","guid":{"rendered":"https:\/\/shop.webio.vn\/5\/?post_type=product&#038;p=15609"},"modified":"2024-02-22T02:36:26","modified_gmt":"2024-02-22T02:36:26","slug":"cap-da-cong-so-classic-elegance","status":"publish","type":"product","link":"https:\/\/shop.webio.vn\/5\/san-pham\/cap-da-cong-so-classic-elegance\/","title":{"rendered":"C\u1eb7p da c\u00f4ng s\u1edf Classic Elegance"},"content":{"rendered":"<p>&#8220;C\u1eb7p da &#8216;Classic Elegance&#8217; l\u00e0 bi\u1ec3u t\u01b0\u1ee3ng c\u1ee7a s\u1ef1 tinh t\u1ebf v\u00e0 \u0111\u1eb3ng c\u1ea5p trong th\u1ebf gi\u1edbi c\u1ee7a ph\u1ee5 ki\u1ec7n th\u1eddi trang. V\u1edbi ch\u1ea5t li\u1ec7u da cao c\u1ea5p v\u00e0 s\u1ef1 k\u1ef9 l\u01b0\u1ee1ng trong t\u1eebng \u0111\u01b0\u1eddng kim m\u0169i ch\u1ec9, s\u1ea3n ph\u1ea9m n\u00e0y kh\u00f4ng ch\u1ec9 l\u00e0 m\u1ed9t m\u00f3n \u0111\u1ed3 ti\u1ec7n \u00edch m\u00e0 c\u00f2n l\u00e0 bi\u1ec3u t\u01b0\u1ee3ng c\u1ee7a phong c\u00e1ch v\u00e0 gu th\u1ea9m m\u1ef9 tinh t\u1ebf. Thi\u1ebft k\u1ebf \u0111\u01a1n gi\u1ea3n v\u00e0 sang tr\u1ecdng, v\u1edbi c\u00e1c ng\u0103n l\u1edbn v\u00e0 nh\u1ecf ph\u00e2n chia h\u1ee3p l\u00ed, c\u1eb7p da &#8216;Classic Elegance&#8217; mang l\u1ea1i s\u1ef1 ti\u1ec7n l\u1ee3i v\u00e0 t\u1ed5 ch\u1ee9c cho m\u1ecdi nhu c\u1ea7u s\u1eed d\u1ee5ng h\u00e0ng ng\u00e0y. B\u00ean c\u1ea1nh \u0111\u00f3, kh\u1ea3 n\u0103ng b\u1ec1n b\u1ec9 v\u00e0 tu\u1ed5i th\u1ecd c\u1ee7a da t\u1ef1 nhi\u00ean gi\u00fap s\u1ea3n ph\u1ea9m n\u00e0y tr\u1edf n\u00ean \u0111\u1eb9p h\u01a1n qua th\u1eddi gian. D\u00f9 b\u1ea1n s\u1eed d\u1ee5ng trong c\u00f4ng vi\u1ec7c h\u00e0ng ng\u00e0y hay trong nh\u1eefng chuy\u1ebfn \u0111i xa, c\u1eb7p da &#8216;Classic Elegance&#8217; s\u1ebd lu\u00f4n l\u00e0 ng\u01b0\u1eddi b\u1ea1n \u0111\u1ed3ng h\u00e0nh \u0111\u00e1ng tin c\u1eady, t\u00f4n l\u00ean v\u1ebb \u0111\u1eb3ng c\u1ea5p v\u00e0 phong th\u00e1i c\u1ee7a b\u1ea1n.&#8221;<\/p>\n<p>By ChatGPT.<\/p>\n","protected":false},"excerpt":{"rendered":"<p><strong>K\u00edch th\u01b0\u1edbc:<\/strong><br \/>\nBalo 15.6 inch: 30 x 42 x 19cm, tr\u1ecdng l\u01b0\u1ee3ng: 1kg<br \/>\nBalo 17.3 inch: 31 x 48 x 19cm, tr\u1ecdng l\u01b0\u1ee3ng: 1.15kg<br \/>\n<strong>M\u00e0u s\u1eafc<\/strong>: Oxford b\u00f3ng, Oxford m\u1edd<br \/>\n<strong>Th\u01b0\u01a1ng hi\u1ec7u<\/strong>: 3FSTUDIO<br \/>\n<strong>Ch\u1ea5t li\u1ec7u<\/strong>: V\u1ea3i Oxford cao c\u1ea5p<br \/>\n<strong>Lo\u1ea1i kh\u00f3a<\/strong>: H\u1ee3p kim ch\u1ed1ng r\u1ec9<br \/>\n<strong>C\u00f4ng n\u0103ng<\/strong>: Du l\u1ecbch v\u00e0 ph\u01b0\u1ee3t<\/p>\n","protected":false},"featured_media":15612,"comment_status":"open","ping_status":"closed","template":"","meta":[],"product_brand":[],"product_cat":[89,78],"product_tag":[],"class_list":{"0":"post-15609","1":"product","2":"type-product","3":"status-publish","4":"has-post-thumbnail","6":"product_cat-balo","7":"product_cat-phu-kien","9":"first","10":"instock","11":"sale","12":"shipping-taxable","13":"purchasable","14":"product-type-variable","15":"has-default-attributes"},"_links":{"self":[{"href":"https:\/\/shop.webio.vn\/5\/wp-json\/wp\/v2\/product\/15609","targetHints":{"allow":["GET"]}}],"collection":[{"href":"https:\/\/shop.webio.vn\/5\/wp-json\/wp\/v2\/product"}],"about":[{"href":"https:\/\/shop.webio.vn\/5\/wp-json\/wp\/v2\/types\/product"}],"replies":[{"embeddable":true,"href":"https:\/\/shop.webio.vn\/5\/wp-json\/wp\/v2\/comments?post=15609"}],"wp:featuredmedia":[{"embeddable":true,"href":"https:\/\/shop.webio.vn\/5\/wp-json\/wp\/v2\/media\/15612"}],"wp:attachment":[{"href":"https:\/\/shop.webio.vn\/5\/wp-json\/wp\/v2\/media?parent=15609"}],"wp:term":[{"taxonomy":"product_brand","embeddable":true,"href":"https:\/\/shop.webio.vn\/5\/wp-json\/wp\/v2\/product_brand?post=15609"},{"taxonomy":"product_cat","embeddable":true,"href":"https:\/\/shop.webio.vn\/5\/wp-json\/wp\/v2\/product_cat?post=15609"},{"taxonomy":"product_tag","embeddable":true,"href":"https:\/\/shop.webio.vn\/5\/wp-json\/wp\/v2\/product_tag?post=15609"}],"curies":[{"name":"wp","href":"https:\/\/api.w.org\/{rel}","templated":true}]}}