{"id":15619,"date":"2024-02-22T02:29:09","date_gmt":"2024-02-22T02:29:09","guid":{"rendered":"https:\/\/shop.webio.vn\/5\/?post_type=product&#038;p=15619"},"modified":"2024-02-22T02:33:08","modified_gmt":"2024-02-22T02:33:08","slug":"tui-xach-vai-cotton","status":"publish","type":"product","link":"https:\/\/shop.webio.vn\/5\/san-pham\/tui-xach-vai-cotton\/","title":{"rendered":"T\u00fai x\u00e1ch v\u1ea3i Cotton"},"content":{"rendered":"<p>&#8220;T\u00fai x\u00e1ch v\u1ea3i cotton l\u00e0 s\u1ef1 l\u1ef1a ch\u1ecdn ho\u00e0n h\u1ea3o cho nh\u1eefng ng\u01b0\u1eddi y\u00eau th\u00edch s\u1ef1 ti\u1ec7n l\u1ee3i v\u00e0 th\u00e2n thi\u1ec7n v\u1edbi m\u00f4i tr\u01b0\u1eddng. V\u1edbi ch\u1ea5t li\u1ec7u cotton t\u1ef1 nhi\u00ean m\u1ec1m m\u1ea1i v\u00e0 tho\u00e1ng kh\u00ed, t\u00fai x\u00e1ch n\u00e0y kh\u00f4ng ch\u1ec9 mang l\u1ea1i c\u1ea3m gi\u00e1c tho\u1ea3i m\u00e1i khi s\u1eed d\u1ee5ng m\u00e0 c\u00f2n gi\u00fap b\u1ea3o v\u1ec7 m\u00f4i tr\u01b0\u1eddng b\u1eb1ng c\u00e1ch gi\u1ea3m l\u01b0\u1ee3ng r\u00e1c th\u1ea3i nh\u1ef1a. Thi\u1ebft k\u1ebf \u0111\u01a1n gi\u1ea3n nh\u01b0ng th\u1eddi trang, t\u00fai x\u00e1ch v\u1ea3i cotton th\u01b0\u1eddng \u0111i k\u00e8m v\u1edbi c\u00e1c ho\u1ea1 ti\u1ebft s\u1eafc n\u00e9t ho\u1eb7c th\u00f4ng \u0111i\u1ec7p t\u00edch c\u1ef1c, t\u1ea1o \u0111i\u1ec3m nh\u1ea5n v\u00e0 c\u00e1 nh\u00e2n h\u00f3a cho ng\u01b0\u1eddi s\u1eed d\u1ee5ng. V\u1edbi kh\u1ea3 n\u0103ng ch\u1ee9a \u0111\u1ef1ng r\u1ed9ng r\u00e3i v\u00e0 c\u00e1c d\u00e2y \u0111eo ch\u1eafc ch\u1eafn, t\u00fai x\u00e1ch v\u1ea3i cotton l\u00e0 s\u1ef1 l\u1ef1a ch\u1ecdn th\u00f4ng minh cho m\u1ecdi ho\u1ea1t \u0111\u1ed9ng t\u1eeb \u0111i l\u00e0m h\u00e0ng ng\u00e0y \u0111\u1ebfn \u0111i ch\u01a1i cu\u1ed1i tu\u1ea7n. Mang theo t\u00fai x\u00e1ch v\u1ea3i cotton, b\u1ea1n kh\u00f4ng ch\u1ec9 l\u00e0 ng\u01b0\u1eddi th\u1ec3 hi\u1ec7n phong c\u00e1ch th\u1eddi trang m\u00e0 c\u00f2n l\u00e0 nh\u00e0 b\u1ea3o v\u1ec7 m\u00f4i tr\u01b0\u1eddng t\u00edch c\u1ef1c.&#8221;<\/p>\n<p>By Chat GPT.<\/p>\n","protected":false},"excerpt":{"rendered":"<p>&#8211; Ch\u1ea5t li\u1ec7u v\u1ea3i 100% cotton.<br \/>\n&#8211; Thi\u1ebft k\u1ebf \u0111\u01a1n gi\u1ea3n ph\u00f9 h\u1ee3p v\u1edbi m\u1ecdi \u00e1nh nh\u00ecn.<br \/>\n&#8211; Chi\u1ec1u d\u00e0i tay c\u1ea7m t\u1ed1i \u01b0u \u0111\u1ec3 \u0111eo tr\u00ean vai.<\/p>\n","protected":false},"featured_media":15620,"comment_status":"open","ping_status":"closed","template":"","meta":[],"product_brand":[],"product_cat":[78,88],"product_tag":[],"class_list":{"0":"post-15619","1":"product","2":"type-product","3":"status-publish","4":"has-post-thumbnail","6":"product_cat-phu-kien","7":"product_cat-tui","9":"first","10":"instock","11":"sale","12":"shipping-taxable","13":"purchasable","14":"product-type-simple"},"_links":{"self":[{"href":"https:\/\/shop.webio.vn\/5\/wp-json\/wp\/v2\/product\/15619","targetHints":{"allow":["GET"]}}],"collection":[{"href":"https:\/\/shop.webio.vn\/5\/wp-json\/wp\/v2\/product"}],"about":[{"href":"https:\/\/shop.webio.vn\/5\/wp-json\/wp\/v2\/types\/product"}],"replies":[{"embeddable":true,"href":"https:\/\/shop.webio.vn\/5\/wp-json\/wp\/v2\/comments?post=15619"}],"wp:featuredmedia":[{"embeddable":true,"href":"https:\/\/shop.webio.vn\/5\/wp-json\/wp\/v2\/media\/15620"}],"wp:attachment":[{"href":"https:\/\/shop.webio.vn\/5\/wp-json\/wp\/v2\/media?parent=15619"}],"wp:term":[{"taxonomy":"product_brand","embeddable":true,"href":"https:\/\/shop.webio.vn\/5\/wp-json\/wp\/v2\/product_brand?post=15619"},{"taxonomy":"product_cat","embeddable":true,"href":"https:\/\/shop.webio.vn\/5\/wp-json\/wp\/v2\/product_cat?post=15619"},{"taxonomy":"product_tag","embeddable":true,"href":"https:\/\/shop.webio.vn\/5\/wp-json\/wp\/v2\/product_tag?post=15619"}],"curies":[{"name":"wp","href":"https:\/\/api.w.org\/{rel}","templated":true}]}}