{"id":15622,"date":"2024-02-22T02:33:48","date_gmt":"2024-02-22T02:33:48","guid":{"rendered":"https:\/\/shop.webio.vn\/5\/?post_type=product&#038;p=15622"},"modified":"2024-04-11T11:27:38","modified_gmt":"2024-04-11T11:27:38","slug":"balo-unisex-mau-moi","status":"publish","type":"product","link":"https:\/\/shop.webio.vn\/5\/san-pham\/balo-unisex-mau-moi\/","title":{"rendered":"Balo Unisex m\u1eabu m\u1edbi"},"content":{"rendered":"<p>&#8220;Balo unisex m\u1eabu m\u1edbi l\u00e0 s\u1ef1 k\u1ebft h\u1ee3p tinh t\u1ebf gi\u1eefa phong c\u00e1ch v\u00e0 t\u00ednh ti\u1ec7n d\u1ee5ng, ph\u1ea3n \u00e1nh tinh th\u1ea7n \u0111a d\u1ea1ng v\u00e0 c\u00e1 nh\u00e2n h\u00f3a trong th\u1ebf gi\u1edbi th\u1eddi trang hi\u1ec7n \u0111\u1ea1i. V\u1edbi thi\u1ebft k\u1ebf hi\u1ec7n \u0111\u1ea1i v\u00e0 \u0111a n\u0103ng, balo n\u00e0y ph\u00f9 h\u1ee3p cho c\u1ea3 nam v\u00e0 n\u1eef, mang l\u1ea1i s\u1ef1 linh ho\u1ea1t v\u00e0 t\u1ef1 do cho m\u1ecdi ho\u1ea1t \u0111\u1ed9ng h\u00e0ng ng\u00e0y. Ch\u1ea5t li\u1ec7u v\u1ea3i ch\u1eafc ch\u1eafn v\u00e0 b\u1ec1n b\u1ec9, c\u00f9ng v\u1edbi c\u00e1c ng\u0103n \u0111\u1ef1ng \u0111a d\u1ea1ng, balo unisex m\u1eabu m\u1edbi kh\u00f4ng ch\u1ec9 l\u00e0 m\u1ed9t ph\u1ee5 ki\u1ec7n th\u1eddi trang m\u00e0 c\u00f2n l\u00e0 ng\u01b0\u1eddi b\u1ea1n \u0111\u1ed3ng h\u00e0nh \u0111\u00e1ng tin c\u1eady trong m\u1ecdi cu\u1ed9c phi\u00eau l\u01b0u v\u00e0 kh\u00e1m ph\u00e1. V\u1edbi phong c\u00e1ch \u0111\u01a1n gi\u1ea3n v\u00e0 m\u00e0u s\u1eafc trung t\u00ednh, balo n\u00e0y d\u1ec5 d\u00e0ng k\u1ebft h\u1ee3p v\u1edbi m\u1ecdi trang ph\u1ee5c v\u00e0 phong c\u00e1ch c\u00e1 nh\u00e2n, t\u00f4n l\u00ean v\u1ebb \u0111\u1eb9p t\u1ef1 nhi\u00ean v\u00e0 s\u1ef1 s\u00e0nh \u0111i\u1ec7u c\u1ee7a b\u1ea1n. Cho d\u00f9 b\u1ea1n \u0111ang \u0111i h\u1ecdc, \u0111i l\u00e0m, hay \u0111i d\u1ea1o ph\u1ed1, balo unisex m\u1eabu m\u1edbi s\u1ebd lu\u00f4n l\u00e0 ng\u01b0\u1eddi b\u1ea1n \u0111\u1ed3ng h\u00e0nh \u0111\u00e1ng gi\u00e1.&#8221;<\/p>\n<p>By Chat GPT.<\/p>\n","protected":false},"excerpt":{"rendered":"<p>&#8211; Ch\u1ea5t li\u1ec7u v\u1ea3i 100% cotton.<br \/>\n&#8211; Thi\u1ebft k\u1ebf \u0111\u01a1n gi\u1ea3n<br \/>\n&#8211; Chi\u1ec1u d\u00e0i tay c\u1ea7m t\u1ed1i \u01b0u \u0111\u1ec3 \u0111eo tr\u00ean vai.<\/p>\n","protected":false},"featured_media":15624,"comment_status":"open","ping_status":"closed","template":"","meta":[],"product_brand":[],"product_cat":[89,90,78,77,86,87],"product_tag":[],"class_list":{"0":"post-15622","1":"product","2":"type-product","3":"status-publish","4":"has-post-thumbnail","6":"product_cat-balo","7":"product_cat-non","8":"product_cat-phu-kien","9":"product_cat-quan","10":"product_cat-quan-dai","11":"product_cat-quan-short","13":"first","14":"instock","15":"shipping-taxable","16":"purchasable","17":"product-type-variable","18":"has-default-attributes"},"_links":{"self":[{"href":"https:\/\/shop.webio.vn\/5\/wp-json\/wp\/v2\/product\/15622","targetHints":{"allow":["GET"]}}],"collection":[{"href":"https:\/\/shop.webio.vn\/5\/wp-json\/wp\/v2\/product"}],"about":[{"href":"https:\/\/shop.webio.vn\/5\/wp-json\/wp\/v2\/types\/product"}],"replies":[{"embeddable":true,"href":"https:\/\/shop.webio.vn\/5\/wp-json\/wp\/v2\/comments?post=15622"}],"wp:featuredmedia":[{"embeddable":true,"href":"https:\/\/shop.webio.vn\/5\/wp-json\/wp\/v2\/media\/15624"}],"wp:attachment":[{"href":"https:\/\/shop.webio.vn\/5\/wp-json\/wp\/v2\/media?parent=15622"}],"wp:term":[{"taxonomy":"product_brand","embeddable":true,"href":"https:\/\/shop.webio.vn\/5\/wp-json\/wp\/v2\/product_brand?post=15622"},{"taxonomy":"product_cat","embeddable":true,"href":"https:\/\/shop.webio.vn\/5\/wp-json\/wp\/v2\/product_cat?post=15622"},{"taxonomy":"product_tag","embeddable":true,"href":"https:\/\/shop.webio.vn\/5\/wp-json\/wp\/v2\/product_tag?post=15622"}],"curies":[{"name":"wp","href":"https:\/\/api.w.org\/{rel}","templated":true}]}}