{"id":15654,"date":"2024-02-22T03:01:38","date_gmt":"2024-02-22T03:01:38","guid":{"rendered":"https:\/\/shop.webio.vn\/5\/?post_type=product&#038;p=15654"},"modified":"2024-02-22T03:09:39","modified_gmt":"2024-02-22T03:09:39","slug":"dong-ho-nam-jah-118c","status":"publish","type":"product","link":"https:\/\/shop.webio.vn\/5\/san-pham\/dong-ho-nam-jah-118c\/","title":{"rendered":"\u0110\u1ed3ng H\u1ed3 Nam JAH-118C"},"content":{"rendered":"<p>\u0110\u1ed3ng h\u1ed3 &#8211; m\u1ed9t m\u1ea3nh v\u1eadt trang s\u1ee9c kh\u00f4ng ch\u1ec9 \u0111\u01a1n gi\u1ea3n l\u00e0 \u0111o th\u1eddi gian m\u00e0 c\u00f2n l\u00e0 bi\u1ec3u t\u01b0\u1ee3ng c\u1ee7a s\u1ef1 l\u1ecbch l\u00e3m, phong c\u00e1ch v\u00e0 \u0111\u1eb3ng c\u1ea5p. \u0110\u1eb7c bi\u1ec7t, \u0111\u1ed3ng h\u1ed3 \u0111eo tay \u0111\u00e3 tr\u1edf th\u00e0nh m\u1ed9t ph\u1ea7n kh\u00f4ng th\u1ec3 thi\u1ebfu c\u1ee7a ng\u01b0\u1eddi \u0111\u00e0n \u00f4ng hi\u1ec7n \u0111\u1ea1i, kh\u00f4ng ch\u1ec9 v\u00ec t\u00ednh ch\u1ea5t ti\u1ec7n \u00edch m\u00e0 c\u00f2n b\u1edfi s\u1ef1 \u0111\u1eb3ng c\u1ea5p m\u00e0 n\u00f3 mang l\u1ea1i.<\/p>\n<p>M\u1ed9t chi\u1ebfc \u0111\u1ed3ng h\u1ed3 \u0111\u1eb9p kh\u00f4ng ch\u1ec9 l\u00e0 m\u1ed9t thi\u1ebft b\u1ecb \u0111o th\u1eddi gian, m\u00e0 c\u00f2n l\u00e0 m\u1ed9t t\u00e1c ph\u1ea9m ngh\u1ec7 thu\u1eadt, l\u00e0 s\u1ef1 k\u1ebft h\u1ee3p tinh t\u1ebf gi\u1eefa c\u00f4ng ngh\u1ec7 v\u00e0 th\u1ea9m m\u1ef9. V\u1edbi \u0111a d\u1ea1ng v\u1ec1 ki\u1ec3u d\u00e1ng, t\u1eeb c\u1ed5 \u0111i\u1ec3n \u0111\u1ebfn hi\u1ec7n \u0111\u1ea1i, t\u1eeb d\u00e2y da sang tr\u1ecdng \u0111\u1ebfn d\u00e2y th\u00e9p kh\u00f4ng g\u1ec9 c\u00e1 t\u00ednh, m\u1ed7i chi\u1ebfc \u0111\u1ed3ng h\u1ed3 \u0111\u1ec1u c\u00f3 m\u1ed9t c\u00e1i g\u00ec \u0111\u00f3 ri\u00eang bi\u1ec7t, ph\u1ea3n \u00e1nh phong c\u00e1ch v\u00e0 c\u00e1 t\u00ednh c\u1ee7a ch\u1ee7 nh\u00e2n.<\/p>\n<p>Ngo\u00e0i ra, \u0111\u1ed3ng h\u1ed3 c\u00f2n l\u00e0 bi\u1ec3u t\u01b0\u1ee3ng c\u1ee7a s\u1ef1 th\u00e0nh c\u00f4ng v\u00e0 s\u1ef1 ch\u0103m ch\u1ec9. Khi b\u1ea1n \u0111eo m\u1ed9t chi\u1ebfc \u0111\u1ed3ng h\u1ed3 \u0111\u1eb9p tay, n\u00f3 kh\u00f4ng ch\u1ec9 l\u00e0 m\u1ed9t ph\u1ee5 ki\u1ec7n th\u1eddi trang m\u00e0 c\u00f2n l\u00e0 m\u1ed9t l\u1eddi nh\u1eafc nh\u1edf v\u1ec1 th\u1eddi gian v\u00e0 c\u01a1 h\u1ed9i. N\u00f3 kh\u1eb3ng \u0111\u1ecbnh s\u1ef1 ch\u00edn ch\u1eafn v\u00e0 quy\u1ebft \u0111o\u00e1n c\u1ee7a b\u1ea1n trong m\u1ecdi t\u00ecnh hu\u1ed1ng.<\/p>\n<p>V\u1edbi nh\u1eefng ng\u01b0\u1eddi \u0111am m\u00ea th\u1eddi trang, vi\u1ec7c s\u1edf h\u1eefu m\u1ed9t chi\u1ebfc \u0111\u1ed3ng h\u1ed3 \u0111\u1eb9p l\u00e0 \u0111i\u1ec1u kh\u00f4ng th\u1ec3 thi\u1ebfu. N\u00f3 kh\u00f4ng ch\u1ec9 l\u00e0 m\u1ed9t m\u00f3n \u0111\u1ed3 c\u00e1 nh\u00e2n m\u00e0 c\u00f2n l\u00e0 m\u1ed9t bi\u1ec3u t\u01b0\u1ee3ng c\u1ee7a phong c\u00e1ch v\u00e0 c\u00e1 t\u00ednh. H\u00e3y \u0111\u1ec3 chi\u1ebfc \u0111\u1ed3ng h\u1ed3 \u0111eo tay c\u1ee7a b\u1ea1n k\u1ec3 l\u00ean c\u00e2u chuy\u1ec7n ri\u00eang c\u1ee7a b\u1ea1n v\u00e0 t\u00f4n vinh v\u1ebb \u0111\u1eb9p c\u1ee7a th\u1eddi gian trong cu\u1ed9c s\u1ed1ng h\u00e0ng ng\u00e0y.<\/p>\n<p>By ChatGPT<\/p>\n","protected":false},"excerpt":{"rendered":"<p>\u0110\u1ed1i t\u01b0\u1ee3ng s\u1eed d\u1ee5ng: Nam<br \/>\n\u0110\u01b0\u1eddng k\u00ednh m\u1eb7t:40 mm<br \/>\nCh\u1ea5t li\u1ec7u m\u1eb7t k\u00ednh: K\u00ednh kho\u00e1ng Mineral<br \/>\nCh\u1ea5t li\u1ec7u d\u00e2y: Da t\u1ed5ng h\u1ee3p<br \/>\nB\u1ed9 m\u00e1y: Pin (Quartz)<br \/>\nCh\u1ed1ng n\u01b0\u1edbc: 5 ATM &#8211; \u0110i m\u01b0a, t\u1eafm<\/p>\n","protected":false},"featured_media":15655,"comment_status":"open","ping_status":"closed","template":"","meta":[],"product_brand":[],"product_cat":[91,78],"product_tag":[],"class_list":{"0":"post-15654","1":"product","2":"type-product","3":"status-publish","4":"has-post-thumbnail","6":"product_cat-dong-ho","7":"product_cat-phu-kien","9":"first","10":"instock","11":"shipping-taxable","12":"purchasable","13":"product-type-simple"},"_links":{"self":[{"href":"https:\/\/shop.webio.vn\/5\/wp-json\/wp\/v2\/product\/15654","targetHints":{"allow":["GET"]}}],"collection":[{"href":"https:\/\/shop.webio.vn\/5\/wp-json\/wp\/v2\/product"}],"about":[{"href":"https:\/\/shop.webio.vn\/5\/wp-json\/wp\/v2\/types\/product"}],"replies":[{"embeddable":true,"href":"https:\/\/shop.webio.vn\/5\/wp-json\/wp\/v2\/comments?post=15654"}],"wp:featuredmedia":[{"embeddable":true,"href":"https:\/\/shop.webio.vn\/5\/wp-json\/wp\/v2\/media\/15655"}],"wp:attachment":[{"href":"https:\/\/shop.webio.vn\/5\/wp-json\/wp\/v2\/media?parent=15654"}],"wp:term":[{"taxonomy":"product_brand","embeddable":true,"href":"https:\/\/shop.webio.vn\/5\/wp-json\/wp\/v2\/product_brand?post=15654"},{"taxonomy":"product_cat","embeddable":true,"href":"https:\/\/shop.webio.vn\/5\/wp-json\/wp\/v2\/product_cat?post=15654"},{"taxonomy":"product_tag","embeddable":true,"href":"https:\/\/shop.webio.vn\/5\/wp-json\/wp\/v2\/product_tag?post=15654"}],"curies":[{"name":"wp","href":"https:\/\/api.w.org\/{rel}","templated":true}]}}