{"id":15672,"date":"2024-02-22T03:15:50","date_gmt":"2024-02-22T03:15:50","guid":{"rendered":"https:\/\/shop.webio.vn\/5\/?post_type=product&#038;p=15672"},"modified":"2024-02-22T03:40:30","modified_gmt":"2024-02-22T03:40:30","slug":"giay-da-lon-cong-so","status":"publish","type":"product","link":"https:\/\/shop.webio.vn\/5\/san-pham\/giay-da-lon-cong-so\/","title":{"rendered":"Gi\u00e0y da l\u1ed9n c\u00f4ng s\u1edf"},"content":{"rendered":"<p>&#8220;Gi\u00e0y nam kh\u00f4ng ch\u1ec9 l\u00e0 m\u1ed9t \u0111\u00f4i gi\u00e0y \u0111\u1ec3 b\u1ea3o v\u1ec7 \u0111\u00f4i ch\u00e2n m\u00e0 c\u00f2n l\u00e0 bi\u1ec3u t\u01b0\u1ee3ng c\u1ee7a phong c\u00e1ch v\u00e0 c\u00e1 t\u00ednh. T\u1eeb gi\u00e0y th\u1ec3 thao n\u0103ng \u0111\u1ed9ng, gi\u00e0y l\u01b0\u1eddi tho\u1ea3i m\u00e1i \u0111\u1ebfn gi\u00e0y t\u00e2y l\u1ecbch l\u00e3m, th\u1ebf gi\u1edbi gi\u00e0y nam \u0111a d\u1ea1ng v\u00e0 phong ph\u00fa. V\u1edbi ch\u1ea5t li\u1ec7u t\u1eeb da t\u1ef1 nhi\u00ean \u0111\u1ebfn v\u1ea3i d\u00e0y, t\u1eeb m\u00e0u s\u1eafc trung t\u00ednh \u0111\u1ebfn h\u1ecda ti\u1ebft s\u1eafc n\u00e9t, m\u1ed7i \u0111\u00f4i gi\u00e0y \u0111\u1ec1u mang trong m\u00ecnh m\u1ed9t c\u00e2u chuy\u1ec7n ri\u00eang. Ngo\u00e0i ra, t\u00ednh tho\u1ea3i m\u00e1i v\u00e0 ch\u1ea5t l\u01b0\u1ee3ng c\u0169ng \u0111\u00f3ng vai tr\u00f2 quan tr\u1ecdng trong vi\u1ec7c l\u1ef1a ch\u1ecdn gi\u00e0y ph\u00f9 h\u1ee3p. Cho d\u00f9 \u0111i l\u00e0m, d\u1ea1o ph\u1ed1 hay tham gia c\u00e1c ho\u1ea1t \u0111\u1ed9ng th\u1ec3 thao, vi\u1ec7c ch\u1ecdn \u0111\u00fang \u0111\u00f4i gi\u00e0y s\u1ebd kh\u00f4ng ch\u1ec9 t\u00f4n l\u00ean phong c\u00e1ch c\u00e1 nh\u00e2n m\u00e0 c\u00f2n gi\u00fap b\u1ea1n t\u1ef1 tin v\u00e0 tho\u1ea3i m\u00e1i su\u1ed1t c\u1ea3 ng\u00e0y d\u00e0i.&#8221;<\/p>\n","protected":false},"excerpt":{"rendered":"<ul>\n<li>Mi\u1ec5n ph\u00ed giao h\u00e0ng \u0111\u01a1n t\u1eeb 699k<\/li>\n<li>\u0110\u1ed5i tr\u1ea3 mi\u1ec5n ph\u00ed trong 30 ng\u00e0y<\/li>\n<li>Tr\u1ea3 g\u00f3p 0% l\u00e3i su\u1ea5t t\u1eeb 3.000.000 VN\u0110<\/li>\n<li>Thanh to\u00e1n tr\u1ef1c tuy\u1ebfn nhanh ch\u00f3ng v\u00e0 an to\u00e0n.<\/li>\n<li>S\u1ea3n ph\u1ea9m ch\u00ednh h\u00e3ng 100%.<\/li>\n<\/ul>\n","protected":false},"featured_media":15708,"comment_status":"open","ping_status":"closed","template":"","meta":[],"product_brand":[],"product_cat":[82,80,75],"product_tag":[],"class_list":{"0":"post-15672","1":"product","2":"type-product","3":"status-publish","4":"has-post-thumbnail","6":"product_cat-casual","7":"product_cat-chay-bo","8":"product_cat-giay","10":"first","11":"instock","12":"sale","13":"shipping-taxable","14":"purchasable","15":"product-type-variable","16":"has-default-attributes"},"_links":{"self":[{"href":"https:\/\/shop.webio.vn\/5\/wp-json\/wp\/v2\/product\/15672","targetHints":{"allow":["GET"]}}],"collection":[{"href":"https:\/\/shop.webio.vn\/5\/wp-json\/wp\/v2\/product"}],"about":[{"href":"https:\/\/shop.webio.vn\/5\/wp-json\/wp\/v2\/types\/product"}],"replies":[{"embeddable":true,"href":"https:\/\/shop.webio.vn\/5\/wp-json\/wp\/v2\/comments?post=15672"}],"wp:featuredmedia":[{"embeddable":true,"href":"https:\/\/shop.webio.vn\/5\/wp-json\/wp\/v2\/media\/15708"}],"wp:attachment":[{"href":"https:\/\/shop.webio.vn\/5\/wp-json\/wp\/v2\/media?parent=15672"}],"wp:term":[{"taxonomy":"product_brand","embeddable":true,"href":"https:\/\/shop.webio.vn\/5\/wp-json\/wp\/v2\/product_brand?post=15672"},{"taxonomy":"product_cat","embeddable":true,"href":"https:\/\/shop.webio.vn\/5\/wp-json\/wp\/v2\/product_cat?post=15672"},{"taxonomy":"product_tag","embeddable":true,"href":"https:\/\/shop.webio.vn\/5\/wp-json\/wp\/v2\/product_tag?post=15672"}],"curies":[{"name":"wp","href":"https:\/\/api.w.org\/{rel}","templated":true}]}}