{"id":15939,"date":"2024-04-11T11:06:24","date_gmt":"2024-04-11T11:06:24","guid":{"rendered":"https:\/\/shop.webio.vn\/5\/?post_type=product&#038;p=15939"},"modified":"2024-04-11T11:16:12","modified_gmt":"2024-04-11T11:16:12","slug":"ao-thun-the-thao","status":"publish","type":"product","link":"https:\/\/shop.webio.vn\/5\/san-pham\/ao-thun-the-thao\/","title":{"rendered":"\u00c1o thun th\u1ec3 thao"},"content":{"rendered":"<p>Ba l\u00f4 \u2018Adventure Explorer\u2019 l\u00e0 s\u1ef1 k\u1ebft h\u1ee3p ho\u00e0n h\u1ea3o gi\u1eefa thi\u1ebft k\u1ebf hi\u1ec7n \u0111\u1ea1i v\u00e0 t\u00ednh n\u0103ng \u0111a d\u1ea1ng, l\u00e0 ng\u01b0\u1eddi b\u1ea1n \u0111\u1ed3ng h\u00e0nh \u0111\u00e1ng tin c\u1eady cho m\u1ecdi chuy\u1ebfn h\u00e0nh tr\u00ecnh. V\u1edbi ch\u1ea5t li\u1ec7u v\u1ea3i ch\u1ed1ng th\u1ea5m n\u01b0\u1edbc v\u00e0 ch\u1ed1ng r\u00e1ch, ba l\u00f4 n\u00e0y kh\u00f4ng ch\u1ec9 b\u1ec1n b\u1ec9 m\u00e0 c\u00f2n gi\u00fap b\u1ea3o v\u1ec7 \u0111\u1ed3 \u0111\u1ea1c b\u00ean trong trong m\u1ecdi \u0111i\u1ec1u ki\u1ec7n th\u1eddi ti\u1ebft. Thi\u1ebft k\u1ebf ki\u1ec3u d\u00e1ng th\u1eddi trang v\u1edbi nhi\u1ec1u ng\u0103n nh\u1ecf ti\u1ec7n \u00edch, gi\u00fap b\u1ea1n d\u1ec5 d\u00e0ng t\u1ed5 ch\u1ee9c v\u00e0 l\u01b0u tr\u1eef c\u00e1c v\u1eadt d\u1ee5ng c\u00e1 nh\u00e2n nh\u01b0 \u0111i\u1ec7n tho\u1ea1i, v\u00ed ti\u1ec1n, ho\u1eb7c chai n\u01b0\u1edbc. B\u00ean c\u1ea1nh \u0111\u00f3, ph\u1ea7n l\u01b0ng v\u00e0 d\u00e2y \u0111eo c\u00f3 \u0111\u1ec7m d\u00e0y gi\u00fap gi\u1ea3m \u00e1p l\u1ef1c khi mang tr\u00ean vai, t\u1ea1o c\u1ea3m gi\u00e1c tho\u1ea3i m\u00e1i su\u1ed1t c\u1ea3 ng\u00e0y d\u00e0i. Ba l\u00f4 \u2018Adventure Explorer\u2019 kh\u00f4ng ch\u1ec9 l\u00e0 m\u1ed9t s\u1ea3n ph\u1ea9m th\u1eddi trang m\u00e0 c\u00f2n l\u00e0 m\u1ed9t tr\u1ee3 th\u1ee7 \u0111\u00e1ng tin c\u1eady trong m\u1ecdi cu\u1ed9c phi\u00eau l\u01b0u v\u00e0 kh\u00e1m ph\u00e1.<\/p>\n<p>By ChatGPT.<\/p>\n","protected":false},"excerpt":{"rendered":"<ul>\n<li>Ch\u1ea5t li\u1ec7u \u00e1o kho\u00e1c nam 100% Polyester<\/li>\n<li>Ki\u1ec3u d\u00e1ng: nh\u1ecf g\u1ecdn, d\u1ec5 m\u1eb7c<\/li>\n<li>S\u1ea3n xu\u1ea5t t\u1ea1i Vi\u1ec7t Nam<\/li>\n<li>Ng\u01b0\u1eddi m\u1eabu: 192 cm &#8211; 86 kg, m\u1eb7c \u00e1o XXL<\/li>\n<\/ul>\n","protected":false},"featured_media":15945,"comment_status":"open","ping_status":"closed","template":"","meta":[],"product_brand":[],"product_cat":[76,84,85,83],"product_tag":[],"class_list":{"0":"post-15939","1":"product","2":"type-product","3":"status-publish","4":"has-post-thumbnail","6":"product_cat-ao","7":"product_cat-ao-khoac","8":"product_cat-ao-polo","9":"product_cat-ao-thun","11":"first","12":"instock","13":"sale","14":"shipping-taxable","15":"purchasable","16":"product-type-variable"},"_links":{"self":[{"href":"https:\/\/shop.webio.vn\/5\/wp-json\/wp\/v2\/product\/15939","targetHints":{"allow":["GET"]}}],"collection":[{"href":"https:\/\/shop.webio.vn\/5\/wp-json\/wp\/v2\/product"}],"about":[{"href":"https:\/\/shop.webio.vn\/5\/wp-json\/wp\/v2\/types\/product"}],"replies":[{"embeddable":true,"href":"https:\/\/shop.webio.vn\/5\/wp-json\/wp\/v2\/comments?post=15939"}],"wp:featuredmedia":[{"embeddable":true,"href":"https:\/\/shop.webio.vn\/5\/wp-json\/wp\/v2\/media\/15945"}],"wp:attachment":[{"href":"https:\/\/shop.webio.vn\/5\/wp-json\/wp\/v2\/media?parent=15939"}],"wp:term":[{"taxonomy":"product_brand","embeddable":true,"href":"https:\/\/shop.webio.vn\/5\/wp-json\/wp\/v2\/product_brand?post=15939"},{"taxonomy":"product_cat","embeddable":true,"href":"https:\/\/shop.webio.vn\/5\/wp-json\/wp\/v2\/product_cat?post=15939"},{"taxonomy":"product_tag","embeddable":true,"href":"https:\/\/shop.webio.vn\/5\/wp-json\/wp\/v2\/product_tag?post=15939"}],"curies":[{"name":"wp","href":"https:\/\/api.w.org\/{rel}","templated":true}]}}